{"id":30506,"date":"2022-11-24T15:46:19","date_gmt":"2022-11-24T14:46:19","guid":{"rendered":"https:\/\/balviennois.ch\/?page_id=30506"},"modified":"2022-12-28T11:11:23","modified_gmt":"2022-12-28T10:11:23","slug":"adhesion","status":"publish","type":"page","link":"https:\/\/balviennois.ch\/de\/adhesion\/","title":{"rendered":"Aktives Mitglied"},"content":{"rendered":"<section class=\"wpb-content-wrapper\"><p>[vc_row full_width=&#8220;stretch_row&#8220; equal_height=&#8220;yes&#8220; woodmart_bg_position=&#8220;center-center&#8220; css=&#8220;.vc_custom_1669643920774{margin-top: -40px !important;background: #1c1c1c url(https:\/\/nouveau.balviennois.ch\/wp-content\/uploads\/2022\/11\/apropos05.jpg?id=29539) !important;background-position: center !important;background-repeat: no-repeat !important;background-size: cover !important;}&#8220; woodmart_css_id=&#8220;6384be7112cf1&#8243; responsive_spacing=&#8220;eyJwYXJhbV90eXBlIjoid29vZG1hcnRfcmVzcG9uc2l2ZV9zcGFjaW5nIiwic2VsZWN0b3JfaWQiOiI2Mzg0YmU3MTEyY2YxIiwic2hvcnRjb2RlIjoidmNfcm93IiwiZGF0YSI6eyJ0YWJsZXQiOnt9LCJtb2JpbGUiOnt9fX0=&#8220; mobile_bg_img_hidden=&#8220;no&#8220; tablet_bg_img_hidden=&#8220;no&#8220; woodmart_parallax=&#8220;0&#8243; woodmart_gradient_switch=&#8220;yes&#8220; woodmart_box_shadow=&#8220;no&#8220; wd_z_index=&#8220;no&#8220; woodmart_disable_overflow=&#8220;0&#8243; row_reverse_mobile=&#8220;0&#8243; row_reverse_tablet=&#8220;0&#8243; woodmart_color_gradient=&#8220;rgba(0, 0, 0, 0.5)-0\/rgba(0, 0, 0, 0.5)-100\/|linear-gradient(left , rgba(0, 0, 0, 0.5) , rgba(0, 0, 0, 0.5) 100%)|linear|left&#8220;][vc_column css=&#8220;.vc_custom_1669293174058{padding-top: 120px !important;padding-right: 5% !important;padding-bottom: 120px !important;padding-left: 5% !important;}&#8220; woodmart_css_id=&#8220;637f646cdf861&#8243; parallax_scroll=&#8220;no&#8220; woodmart_sticky_column=&#8220;false&#8220; wd_collapsible_content_switcher=&#8220;no&#8220; wd_column_role_offcanvas_desktop=&#8220;no&#8220; wd_column_role_offcanvas_tablet=&#8220;no&#8220; wd_column_role_offcanvas_mobile=&#8220;no&#8220; wd_column_role_content_desktop=&#8220;no&#8220; wd_column_role_content_tablet=&#8220;no&#8220; wd_column_role_content_mobile=&#8220;no&#8220; mobile_bg_img_hidden=&#8220;no&#8220; tablet_bg_img_hidden=&#8220;no&#8220; woodmart_parallax=&#8220;0&#8243; woodmart_box_shadow=&#8220;no&#8220; responsive_spacing=&#8220;eyJwYXJhbV90eXBlIjoid29vZG1hcnRfcmVzcG9uc2l2ZV9zcGFjaW5nIiwic2VsZWN0b3JfaWQiOiI2MzdmNjQ2Y2RmODYxIiwic2hvcnRjb2RlIjoidmNfY29sdW1uIiwiZGF0YSI6eyJ0YWJsZXQiOnt9LCJtb2JpbGUiOnt9fX0=&#8220; mobile_reset_margin=&#8220;no&#8220; tablet_reset_margin=&#8220;no&#8220; wd_z_index=&#8220;no&#8220; el_class=&#8220;max-1200-center&#8220;]\n\t\t<div id=\"wd-639cb0c553a52\" class=\"title-wrapper wd-wpb set-mb-s reset-last-child  wd-rs-639cb0c553a52 wd-title-color-white wd-title-style-default text-left bloque-titulo vc_custom_1671213281513 wd-width-enabled wd-underline-colored\" style=\"--wd-max-width: 50%;\">\n\t\t\t\t\t\t\t<div class=\"title-subtitle  subtitle-color-white font-default subtitle-style-default wd-font-weight- wd-fontsize-xs\">AKTIVES MITGLIED<\/div>\n\t\t\t\n\t\t\t<div class=\"liner-continer\">\n\t\t\t\t<h4 class=\"woodmart-title-container title  wd-font-weight- wd-fontsize-xxl\" >Freunde der Wiener Ballmusik<\/h4>\n\t\t\t\t\t\t\t<\/div>\n\t\t\t\n\t\t\t\n\t\t\t\n\t\t<\/div>\n\t\t\n\t\t[\/vc_column][\/vc_row][vc_row equal_height=&#8220;yes&#8220; woodmart_css_id=&#8220;637f620b5276e&#8220; responsive_spacing=&#8220;eyJwYXJhbV90eXBlIjoid29vZG1hcnRfcmVzcG9uc2l2ZV9zcGFjaW5nIiwic2VsZWN0b3JfaWQiOiI2MzdmNjIwYjUyNzZlIiwic2hvcnRjb2RlIjoidmNfcm93IiwiZGF0YSI6eyJ0YWJsZXQiOnt9LCJtb2JpbGUiOnt9fX0=&#8220; mobile_bg_img_hidden=&#8220;no&#8220; tablet_bg_img_hidden=&#8220;no&#8220; woodmart_parallax=&#8220;0&#8243; woodmart_gradient_switch=&#8220;no&#8220; woodmart_box_shadow=&#8220;no&#8220; wd_z_index=&#8220;no&#8220; woodmart_disable_overflow=&#8220;1&#8243; row_reverse_mobile=&#8220;0&#8243; row_reverse_tablet=&#8220;0&#8243; css=&#8220;.vc_custom_1669292561845{padding-right: 5% !important;padding-left: 5% !important;}&#8220;][vc_column css=&#8220;.vc_custom_1669293463227{margin-top: -60px !important;padding-top: 0px !important;padding-right: 5% !important;padding-left: 5% !important;}&#8220; woodmart_css_id=&#8220;637f65763cbcc&#8220; parallax_scroll=&#8220;no&#8220; woodmart_sticky_column=&#8220;false&#8220; wd_collapsible_content_switcher=&#8220;no&#8220; wd_column_role_offcanvas_desktop=&#8220;no&#8220; wd_column_role_offcanvas_tablet=&#8220;no&#8220; wd_column_role_offcanvas_mobile=&#8220;no&#8220; wd_column_role_content_desktop=&#8220;no&#8220; wd_column_role_content_tablet=&#8220;no&#8220; wd_column_role_content_mobile=&#8220;no&#8220; mobile_bg_img_hidden=&#8220;no&#8220; tablet_bg_img_hidden=&#8220;no&#8220; woodmart_parallax=&#8220;0&#8243; woodmart_box_shadow=&#8220;no&#8220; responsive_spacing=&#8220;eyJwYXJhbV90eXBlIjoid29vZG1hcnRfcmVzcG9uc2l2ZV9zcGFjaW5nIiwic2VsZWN0b3JfaWQiOiI2MzdmNjU3NjNjYmNjIiwic2hvcnRjb2RlIjoidmNfY29sdW1uIiwiZGF0YSI6eyJ0YWJsZXQiOnt9LCJtb2JpbGUiOnt9fX0=&#8220; mobile_reset_margin=&#8220;no&#8220; tablet_reset_margin=&#8220;no&#8220; wd_z_index=&#8220;no&#8220; el_class=&#8220;max-1200-center&#8220;][vc_row_inner css=&#8220;.vc_custom_1669293662786{background-color: #ffffff !important;}&#8220; woodmart_css_id=&#8220;637f6655b4b8a&#8220; responsive_spacing=&#8220;eyJwYXJhbV90eXBlIjoid29vZG1hcnRfcmVzcG9uc2l2ZV9zcGFjaW5nIiwic2VsZWN0b3JfaWQiOiI2MzdmNjY1NWI0YjhhIiwic2hvcnRjb2RlIjoidmNfcm93X2lubmVyIiwiZGF0YSI6eyJ0YWJsZXQiOnt9LCJtb2JpbGUiOnt9fX0=&#8220; mobile_bg_img_hidden=&#8220;no&#8220; tablet_bg_img_hidden=&#8220;no&#8220; woodmart_parallax=&#8220;0&#8243; woodmart_gradient_switch=&#8220;no&#8220; woodmart_box_shadow=&#8220;no&#8220; wd_z_index=&#8220;no&#8220; woodmart_disable_overflow=&#8220;0&#8243; row_reverse_mobile=&#8220;0&#8243; row_reverse_tablet=&#8220;0&#8243;][vc_column_inner css=&#8220;.vc_custom_1669295765971{padding-top: 40px !important;padding-right: 40px !important;padding-bottom: 40px !important;padding-left: 40px !important;}&#8220; woodmart_css_id=&#8220;637f6e897a3aa&#8220; parallax_scroll=&#8220;no&#8220; woodmart_sticky_column=&#8220;false&#8220; wd_collapsible_content_switcher=&#8220;no&#8220; wd_column_role_offcanvas_desktop=&#8220;no&#8220; wd_column_role_offcanvas_tablet=&#8220;no&#8220; wd_column_role_offcanvas_mobile=&#8220;no&#8220; wd_column_role_content_desktop=&#8220;no&#8220; wd_column_role_content_tablet=&#8220;no&#8220; wd_column_role_content_mobile=&#8220;no&#8220; mobile_bg_img_hidden=&#8220;no&#8220; tablet_bg_img_hidden=&#8220;no&#8220; woodmart_parallax=&#8220;0&#8243; woodmart_box_shadow=&#8220;no&#8220; responsive_spacing=&#8220;eyJwYXJhbV90eXBlIjoid29vZG1hcnRfcmVzcG9uc2l2ZV9zcGFjaW5nIiwic2VsZWN0b3JfaWQiOiI2MzdmNmU4OTdhM2FhIiwic2hvcnRjb2RlIjoidmNfY29sdW1uX2lubmVyIiwiZGF0YSI6eyJ0YWJsZXQiOnt9LCJtb2JpbGUiOnsicGFkZGluZy1yaWdodCI6IjMwcHgiLCJwYWRkaW5nLWxlZnQiOiIzMHB4In19fQ==&#8220; wd_z_index=&#8220;no&#8220;]\n\t\t<div id=\"wd-639cb0df249fd\" class=\"title-wrapper wd-wpb set-mb-s reset-last-child  wd-rs-639cb0df249fd wd-title-color-primary wd-title-style-default text-left bloque-titulo vc_custom_1671213293663 wd-width-enabled wd-underline-colored\" style=\"--wd-max-width: 70%;\">\n\t\t\t\n\t\t\t<div class=\"liner-continer\">\n\t\t\t\t<h4 class=\"woodmart-title-container title  wd-font-weight- wd-fontsize-xxl\" >WERDEN SIE AKTIVES MITGLIED DES VEREINS<\/h4>\n\t\t\t\t\t\t\t<\/div>\n\t\t\t\n\t\t\t\n\t\t\t\n\t\t<\/div>\n\t\t\n\t\t\t\t<div id=\"wd-639cb0eae1a38\" class=\"wd-text-block wd-wpb reset-last-child wd-rs-639cb0eae1a38 text-left vc_custom_1671213361011\">\n\t\t\t<p>Hier sind drei Gr\u00fcnde, warum Sie den Verein durch eine aktive Mitgliedschaft unterst\u00fctzen sollten:<\/p>\n<ul>\n<li>Zur Verbesserung des Austauschs zwischen den St\u00e4dten Genf und Wien beitragen;<\/li>\n<li>Beteiligen Sie sich an der Organisation von kulturellen und musikalischen Veranstaltungen;<\/li>\n<li>Unterst\u00fctzen Sie die Organisation des Wiener Balls in Genf nach Wiener Tradition.<\/li>\n<\/ul>\n<p>Werden Sie aktives Mitglied und Ihre wertvolle Unterst\u00fctzung wird dazu beitragen, dass unsere Veranstaltungen weiterhin stattfinden k\u00f6nnen. Der Jahresbeitrag f\u00fcr Aktivmitglieder betr\u00e4gt CHF 50.<\/p>\n<p>Wenn Sie Aktivmitglied des Vereins werden m\u00f6chten, befolgen Sie bitte die unten aufgef\u00fchrten Schritte:<\/p>\n<p>F\u00fcllen Sie das Antragsformular f\u00fcr die Aktivmitgliedschaft aus: Anmeldeformular.<\/p>\n<p>Bezahlen Sie Ihren Mitgliedsbeitrag von CHF 50.- an die folgenden Koordinaten:<\/p>\n<p>UBS BANK<\/p>\n<p>Kontoinhaber: Verein Freunde der Wiener Ballmusik e.V.<\/p>\n<p>IBAN: CH18 0027 9279 2930 9941 N<\/p>\n<p>BIC: UBSWCHZH80A<\/p>\n<p>Hinweis: Eine Aktivmitgliedschaft berechtigt nicht zum Zutritt zum Wiener Ball.<\/p>\n\t\t<\/div>\n\t\t\t\t<div id=\"wd-63a0c97138ea4\" class=\"wd-text-block wd-wpb reset-last-child wd-rs-63a0c97138ea4 text-left vc_custom_1671481743166\">\n\t\t\t<p>Ben\u00f6tigen Sie weitere Informationen?<\/p>\n<p>Dann kontaktieren Sie uns bitte unter der folgenden E-Mail-Adresse: <a href=\"mailto:info@balviennois.ch\">info@balviennois.ch<\/a>.<\/p>\n<p>Wir freuen uns darauf, Ihnen weitere Informationen zukommen zu lassen und Sie in unserem Verein willkommen zu hei\u00dfen, der sich auf die F\u00f6rderung von Tanz und Musik spezialisiert hat.<\/p>\n\t\t<\/div>\n\t\t[\/vc_column_inner][\/vc_row_inner][vc_row_inner css=&#8220;.vc_custom_1669293662786{background-color: #ffffff !important;}&#8220; woodmart_css_id=&#8220;637f6655b4b8a&#8220; responsive_spacing=&#8220;eyJwYXJhbV90eXBlIjoid29vZG1hcnRfcmVzcG9uc2l2ZV9zcGFjaW5nIiwic2VsZWN0b3JfaWQiOiI2MzdmNjY1NWI0YjhhIiwic2hvcnRjb2RlIjoidmNfcm93X2lubmVyIiwiZGF0YSI6eyJ0YWJsZXQiOnt9LCJtb2JpbGUiOnt9fX0=&#8220; mobile_bg_img_hidden=&#8220;no&#8220; tablet_bg_img_hidden=&#8220;no&#8220; woodmart_parallax=&#8220;0&#8243; woodmart_gradient_switch=&#8220;no&#8220; woodmart_box_shadow=&#8220;no&#8220; wd_z_index=&#8220;no&#8220; woodmart_disable_overflow=&#8220;0&#8243; row_reverse_mobile=&#8220;0&#8243; row_reverse_tablet=&#8220;0&#8243;][vc_column_inner el_class=&#8220;contacto-formulario&#8220; css=&#8220;.vc_custom_1669730094107{padding-top: 0px !important;padding-right: 40px !important;padding-bottom: 40px !important;padding-left: 40px !important;}&#8220; woodmart_css_id=&#8220;63860f25557ac&#8220; parallax_scroll=&#8220;no&#8220; woodmart_sticky_column=&#8220;false&#8220; wd_collapsible_content_switcher=&#8220;no&#8220; wd_column_role_offcanvas_desktop=&#8220;no&#8220; wd_column_role_offcanvas_tablet=&#8220;no&#8220; wd_column_role_offcanvas_mobile=&#8220;no&#8220; wd_column_role_content_desktop=&#8220;no&#8220; wd_column_role_content_tablet=&#8220;no&#8220; wd_column_role_content_mobile=&#8220;no&#8220; mobile_bg_img_hidden=&#8220;no&#8220; tablet_bg_img_hidden=&#8220;no&#8220; woodmart_parallax=&#8220;0&#8243; woodmart_box_shadow=&#8220;no&#8220; responsive_spacing=&#8220;eyJwYXJhbV90eXBlIjoid29vZG1hcnRfcmVzcG9uc2l2ZV9zcGFjaW5nIiwic2VsZWN0b3JfaWQiOiI2Mzg2MGYyNTU1N2FjIiwic2hvcnRjb2RlIjoidmNfY29sdW1uX2lubmVyIiwiZGF0YSI6eyJ0YWJsZXQiOnt9LCJtb2JpbGUiOnsicGFkZGluZy1yaWdodCI6IjMwcHgiLCJwYWRkaW5nLWxlZnQiOiIzMHB4In19fQ==&#8220; wd_z_index=&#8220;no&#8220;]\n\t\t<div id=\"wd-639cb1467c1de\" class=\"title-wrapper wd-wpb set-mb-s reset-last-child  wd-rs-639cb1467c1de wd-title-color-primary wd-title-style-default text-left bloque-titulo vc_custom_1671213399602 wd-underline-colored\">\n\t\t\t\n\t\t\t<div class=\"liner-continer\">\n\t\t\t\t<h4 class=\"woodmart-title-container title  wd-font-weight- wd-fontsize-xxl\" >Antrag auf Mitgliedschaft als aktives Mitglied<\/h4>\n\t\t\t\t\t\t\t<\/div>\n\t\t\t\n\t\t\t\n\t\t\t\n\t\t<\/div>\n\t\t\n\t\t\n<div class=\"wpcf7 no-js\" id=\"wpcf7-f30876-o1\" lang=\"es-ES\" dir=\"ltr\" data-wpcf7-id=\"30876\">\n<div class=\"screen-reader-response\"><p role=\"status\" aria-live=\"polite\" aria-atomic=\"true\"><\/p> <ul><\/ul><\/div>\n<form action=\"\/de\/wp-json\/wp\/v2\/pages\/30506#wpcf7-f30876-o1\" method=\"post\" class=\"wpcf7-form init\" aria-label=\"Formulario de contacto\" novalidate=\"novalidate\" data-status=\"init\">\n<fieldset class=\"hidden-fields-container\"><input type=\"hidden\" name=\"_wpcf7\" value=\"30876\" \/><input type=\"hidden\" name=\"_wpcf7_version\" value=\"6.1.5\" \/><input type=\"hidden\" name=\"_wpcf7_locale\" value=\"es_ES\" \/><input type=\"hidden\" name=\"_wpcf7_unit_tag\" value=\"wpcf7-f30876-o1\" \/><input type=\"hidden\" name=\"_wpcf7_container_post\" value=\"0\" \/><input type=\"hidden\" name=\"_wpcf7_posted_data_hash\" value=\"\" \/>\n<\/fieldset>\n<p><span class=\"wpcf7-form-control-wrap\" data-name=\"checkbox-621\"><span class=\"wpcf7-form-control wpcf7-checkbox wpcf7-validates-as-required\"><span class=\"wpcf7-list-item first\"><label><input type=\"checkbox\" name=\"checkbox-621[]\" value=\"Herr\" \/><span class=\"wpcf7-list-item-label\">Herr<\/span><\/label><\/span><span class=\"wpcf7-list-item\"><label><input type=\"checkbox\" name=\"checkbox-621[]\" value=\"Frau\" \/><span class=\"wpcf7-list-item-label\">Frau<\/span><\/label><\/span><span class=\"wpcf7-list-item last\"><label><input type=\"checkbox\" name=\"checkbox-621[]\" value=\"Andere\" \/><span class=\"wpcf7-list-item-label\">Andere<\/span><\/label><\/span><\/span><\/span>\n<\/p>\n<div class=\"row\">\n\t<div class=\"col-md-6\" style='margin-bottom:20px;'>\n\t\t<p><label> Vorname* <span class=\"wpcf7-form-control-wrap\" data-name=\"your-prenom\"><input size=\"40\" maxlength=\"400\" class=\"wpcf7-form-control wpcf7-text wpcf7-validates-as-required\" aria-required=\"true\" aria-invalid=\"false\" value=\"\" type=\"text\" name=\"your-prenom\" \/><\/span> <\/label>\n\t\t<\/p>\n\t<\/div>\n\t<div class=\"col-md-6\" style='margin-bottom:20px;'>\n\t\t<p><label> Nachname* <span class=\"wpcf7-form-control-wrap\" data-name=\"your-nom\"><input size=\"40\" maxlength=\"400\" class=\"wpcf7-form-control wpcf7-text wpcf7-validates-as-required\" aria-required=\"true\" aria-invalid=\"false\" value=\"\" type=\"text\" name=\"your-nom\" \/><\/span> <\/label>\n\t\t<\/p>\n\t<\/div>\n\t<div class=\"col-md-6\" style='margin-bottom:20px;'>\n\t\t<p><label> Adresse* <span class=\"wpcf7-form-control-wrap\" data-name=\"your-adresse\"><input size=\"40\" maxlength=\"400\" class=\"wpcf7-form-control wpcf7-text wpcf7-validates-as-required\" aria-required=\"true\" aria-invalid=\"false\" value=\"\" type=\"text\" name=\"your-adresse\" \/><\/span> <\/label>\n\t\t<\/p>\n\t<\/div>\n\t<div class=\"col-md-6\" style='margin-bottom:20px;'>\n\t\t<p><label> Geburtsdatum* <span class=\"wpcf7-form-control-wrap\" data-name=\"your-date\"><input class=\"wpcf7-form-control wpcf7-date wpcf7-validates-as-required wpcf7-validates-as-date\" aria-required=\"true\" aria-invalid=\"false\" value=\"\" type=\"date\" name=\"your-date\" \/><\/span> <\/label>\n\t\t<\/p>\n\t<\/div>\n<\/div>\n<div class=\"row\">\n\t<div class=\"col-md-6\" style='margin-bottom:20px;'>\n\t\t<p><label> E-mail* <span class=\"wpcf7-form-control-wrap\" data-name=\"your-email\"><input size=\"40\" maxlength=\"400\" class=\"wpcf7-form-control wpcf7-email wpcf7-validates-as-required wpcf7-text wpcf7-validates-as-email\" aria-required=\"true\" aria-invalid=\"false\" value=\"\" type=\"email\" name=\"your-email\" \/><\/span> <\/label>\n\t\t<\/p>\n\t<\/div>\n\t<div class=\"col-md-6\" style='margin-bottom:20px;'>\n\t\t<p><label> Telefon* <span class=\"wpcf7-form-control-wrap\" data-name=\"your-telephone\"><input size=\"40\" maxlength=\"400\" class=\"wpcf7-form-control wpcf7-tel wpcf7-validates-as-required wpcf7-text wpcf7-validates-as-tel\" aria-required=\"true\" aria-invalid=\"false\" value=\"\" type=\"tel\" name=\"your-telephone\" \/><\/span> <\/label>\n\t\t<\/p>\n\t<\/div>\n<\/div>\n<div class=\"row\">\n\t<div class=\"col-md-6\" style='margin-bottom:20px;'>\n\t\t<p><label> <\/label>\n\t\t<\/p>\n\t<\/div>\n<\/div>\n<p><input class=\"wpcf7-form-control wpcf7-submit has-spinner\" type=\"submit\" value=\"SENDEN\" \/>\n<\/p><input type='hidden' class='wpcf7-pum' value='{\"closepopup\":false,\"closedelay\":0,\"openpopup\":false,\"openpopup_id\":0}' \/><div class=\"wpcf7-response-output\" aria-hidden=\"true\"><\/div>\n<\/form>\n<\/div>\n[\/vc_column_inner][\/vc_row_inner][\/vc_column][\/vc_row]<\/p>\n<\/section>","protected":false},"excerpt":{"rendered":"<p>[vc_row full_width=&#8220;stretch_row&#8220; equal_height=&#8220;yes&#8220; woodmart_bg_position=&#8220;center-center&#8220; css=&#8220;.vc_custom_1669643920774{margin-top: -40px !important;background: #1c1c1c url(https:\/\/nouveau.balviennois.ch\/wp-content\/uploads\/2022\/11\/apropos05.jpg?id=29539) !important;background-position: center !important;background-repeat: no-repeat !important;background-size: cover !important;}&#8220; woodmart_css_id=&#8220;6384be7112cf1&#8243; responsive_spacing=&#8220;eyJwYXJhbV90eXBlIjoid29vZG1hcnRfcmVzcG9uc2l2ZV9zcGFjaW5nIiwic2VsZWN0b3JfaWQiOiI2Mzg0YmU3MTEyY2YxIiwic2hvcnRjb2RlIjoidmNfcm93IiwiZGF0YSI6eyJ0YWJsZXQiOnt9LCJtb2JpbGUiOnt9fX0=&#8220; mobile_bg_img_hidden=&#8220;no&#8220; tablet_bg_img_hidden=&#8220;no&#8220;<\/p>\n","protected":false},"author":2,"featured_media":0,"parent":0,"menu_order":0,"comment_status":"closed","ping_status":"closed","template":"","meta":{"footnotes":""},"class_list":["post-30506","page","type-page","status-publish","hentry"],"_links":{"self":[{"href":"https:\/\/balviennois.ch\/de\/wp-json\/wp\/v2\/pages\/30506","targetHints":{"allow":["GET"]}}],"collection":[{"href":"https:\/\/balviennois.ch\/de\/wp-json\/wp\/v2\/pages"}],"about":[{"href":"https:\/\/balviennois.ch\/de\/wp-json\/wp\/v2\/types\/page"}],"author":[{"embeddable":true,"href":"https:\/\/balviennois.ch\/de\/wp-json\/wp\/v2\/users\/2"}],"replies":[{"embeddable":true,"href":"https:\/\/balviennois.ch\/de\/wp-json\/wp\/v2\/comments?post=30506"}],"version-history":[{"count":0,"href":"https:\/\/balviennois.ch\/de\/wp-json\/wp\/v2\/pages\/30506\/revisions"}],"wp:attachment":[{"href":"https:\/\/balviennois.ch\/de\/wp-json\/wp\/v2\/media?parent=30506"}],"curies":[{"name":"wp","href":"https:\/\/api.w.org\/{rel}","templated":true}]}}