{"id":30535,"date":"2022-11-24T15:41:28","date_gmt":"2022-11-24T14:41:28","guid":{"rendered":"https:\/\/balviennois.ch\/?page_id=30535"},"modified":"2022-12-18T23:00:37","modified_gmt":"2022-12-18T22:00:37","slug":"unsere-praesidentin","status":"publish","type":"page","link":"https:\/\/balviennois.ch\/de\/unsere-praesidentin\/","title":{"rendered":"Unsere Pr\u00e4sidentin"},"content":{"rendered":"<section class=\"wpb-content-wrapper\"><p>[vc_row full_width=&#8220;stretch_row&#8220; equal_height=&#8220;yes&#8220; woodmart_bg_position=&#8220;center-center&#8220; css=&#8220;.vc_custom_1669643760760{margin-top: -40px !important;background: #1c1c1c url(https:\/\/nouveau.balviennois.ch\/wp-content\/uploads\/2022\/11\/apropos03.jpg?id=29535) !important;background-position: center !important;background-repeat: no-repeat !important;background-size: cover !important;}&#8220; woodmart_css_id=&#8220;6384bdd291934&#8243; responsive_spacing=&#8220;eyJwYXJhbV90eXBlIjoid29vZG1hcnRfcmVzcG9uc2l2ZV9zcGFjaW5nIiwic2VsZWN0b3JfaWQiOiI2Mzg0YmRkMjkxOTM0Iiwic2hvcnRjb2RlIjoidmNfcm93IiwiZGF0YSI6eyJ0YWJsZXQiOnt9LCJtb2JpbGUiOnt9fX0=&#8220; mobile_bg_img_hidden=&#8220;no&#8220; tablet_bg_img_hidden=&#8220;no&#8220; woodmart_parallax=&#8220;0&#8243; woodmart_gradient_switch=&#8220;yes&#8220; woodmart_box_shadow=&#8220;no&#8220; wd_z_index=&#8220;no&#8220; woodmart_disable_overflow=&#8220;0&#8243; row_reverse_mobile=&#8220;0&#8243; row_reverse_tablet=&#8220;0&#8243; woodmart_color_gradient=&#8220;rgba(0, 0, 0, 0.5)-0\/rgba(0, 0, 0, 0.5)-100\/|linear-gradient(left , rgba(0, 0, 0, 0.5) , rgba(0, 0, 0, 0.5) 100%)|linear|left&#8220;][vc_column css=&#8220;.vc_custom_1669293174058{padding-top: 120px !important;padding-right: 5% !important;padding-bottom: 120px !important;padding-left: 5% !important;}&#8220; woodmart_css_id=&#8220;637f646cdf861&#8243; parallax_scroll=&#8220;no&#8220; woodmart_sticky_column=&#8220;false&#8220; wd_collapsible_content_switcher=&#8220;no&#8220; wd_column_role_offcanvas_desktop=&#8220;no&#8220; wd_column_role_offcanvas_tablet=&#8220;no&#8220; wd_column_role_offcanvas_mobile=&#8220;no&#8220; wd_column_role_content_desktop=&#8220;no&#8220; wd_column_role_content_tablet=&#8220;no&#8220; wd_column_role_content_mobile=&#8220;no&#8220; mobile_bg_img_hidden=&#8220;no&#8220; tablet_bg_img_hidden=&#8220;no&#8220; woodmart_parallax=&#8220;0&#8243; woodmart_box_shadow=&#8220;no&#8220; responsive_spacing=&#8220;eyJwYXJhbV90eXBlIjoid29vZG1hcnRfcmVzcG9uc2l2ZV9zcGFjaW5nIiwic2VsZWN0b3JfaWQiOiI2MzdmNjQ2Y2RmODYxIiwic2hvcnRjb2RlIjoidmNfY29sdW1uIiwiZGF0YSI6eyJ0YWJsZXQiOnt9LCJtb2JpbGUiOnt9fX0=&#8220; mobile_reset_margin=&#8220;no&#8220; tablet_reset_margin=&#8220;no&#8220; wd_z_index=&#8220;no&#8220; el_class=&#8220;max-1200-center&#8220;]\n\t\t<div id=\"wd-639d9cfb4e146\" class=\"title-wrapper wd-wpb set-mb-s reset-last-child  wd-rs-639d9cfb4e146 wd-title-color-white wd-title-style-default text-left bloque-titulo vc_custom_1671273726725 wd-width-enabled wd-underline-colored\" style=\"--wd-max-width: 50%;\">\n\t\t\t\t\t\t\t<div class=\"title-subtitle  subtitle-color-white font-default subtitle-style-default wd-font-weight- wd-fontsize-xs\">UNSERE PR\u00c4SIDENTIN<\/div>\n\t\t\t\n\t\t\t<div class=\"liner-continer\">\n\t\t\t\t<h4 class=\"woodmart-title-container title  wd-font-weight- wd-fontsize-xxl\" >Wort der Pr\u00e4sidentin<\/h4>\n\t\t\t\t\t\t\t<\/div>\n\t\t\t\n\t\t\t\n\t\t\t\n\t\t<\/div>\n\t\t\n\t\t[\/vc_column][\/vc_row][vc_row equal_height=&#8220;yes&#8220; woodmart_css_id=&#8220;637f620b5276e&#8220; responsive_spacing=&#8220;eyJwYXJhbV90eXBlIjoid29vZG1hcnRfcmVzcG9uc2l2ZV9zcGFjaW5nIiwic2VsZWN0b3JfaWQiOiI2MzdmNjIwYjUyNzZlIiwic2hvcnRjb2RlIjoidmNfcm93IiwiZGF0YSI6eyJ0YWJsZXQiOnt9LCJtb2JpbGUiOnt9fX0=&#8220; mobile_bg_img_hidden=&#8220;no&#8220; tablet_bg_img_hidden=&#8220;no&#8220; woodmart_parallax=&#8220;0&#8243; woodmart_gradient_switch=&#8220;no&#8220; woodmart_box_shadow=&#8220;no&#8220; wd_z_index=&#8220;no&#8220; woodmart_disable_overflow=&#8220;1&#8243; row_reverse_mobile=&#8220;0&#8243; row_reverse_tablet=&#8220;0&#8243; css=&#8220;.vc_custom_1669292561845{padding-right: 5% !important;padding-left: 5% !important;}&#8220;][vc_column css=&#8220;.vc_custom_1669293463227{margin-top: -60px !important;padding-top: 0px !important;padding-right: 5% !important;padding-left: 5% !important;}&#8220; woodmart_css_id=&#8220;637f65763cbcc&#8220; parallax_scroll=&#8220;no&#8220; woodmart_sticky_column=&#8220;false&#8220; wd_collapsible_content_switcher=&#8220;no&#8220; wd_column_role_offcanvas_desktop=&#8220;no&#8220; wd_column_role_offcanvas_tablet=&#8220;no&#8220; wd_column_role_offcanvas_mobile=&#8220;no&#8220; wd_column_role_content_desktop=&#8220;no&#8220; wd_column_role_content_tablet=&#8220;no&#8220; wd_column_role_content_mobile=&#8220;no&#8220; mobile_bg_img_hidden=&#8220;no&#8220; tablet_bg_img_hidden=&#8220;no&#8220; woodmart_parallax=&#8220;0&#8243; woodmart_box_shadow=&#8220;no&#8220; responsive_spacing=&#8220;eyJwYXJhbV90eXBlIjoid29vZG1hcnRfcmVzcG9uc2l2ZV9zcGFjaW5nIiwic2VsZWN0b3JfaWQiOiI2MzdmNjU3NjNjYmNjIiwic2hvcnRjb2RlIjoidmNfY29sdW1uIiwiZGF0YSI6eyJ0YWJsZXQiOnt9LCJtb2JpbGUiOnt9fX0=&#8220; mobile_reset_margin=&#8220;no&#8220; tablet_reset_margin=&#8220;no&#8220; wd_z_index=&#8220;no&#8220; el_class=&#8220;max-1200-center&#8220;][vc_row_inner css=&#8220;.vc_custom_1669293662786{background-color: #ffffff !important;}&#8220; woodmart_css_id=&#8220;637f6655b4b8a&#8220; responsive_spacing=&#8220;eyJwYXJhbV90eXBlIjoid29vZG1hcnRfcmVzcG9uc2l2ZV9zcGFjaW5nIiwic2VsZWN0b3JfaWQiOiI2MzdmNjY1NWI0YjhhIiwic2hvcnRjb2RlIjoidmNfcm93X2lubmVyIiwiZGF0YSI6eyJ0YWJsZXQiOnt9LCJtb2JpbGUiOnt9fX0=&#8220; mobile_bg_img_hidden=&#8220;no&#8220; tablet_bg_img_hidden=&#8220;no&#8220; woodmart_parallax=&#8220;0&#8243; woodmart_gradient_switch=&#8220;no&#8220; woodmart_box_shadow=&#8220;no&#8220; wd_z_index=&#8220;no&#8220; woodmart_disable_overflow=&#8220;0&#8243; row_reverse_mobile=&#8220;0&#8243; row_reverse_tablet=&#8220;0&#8243;][vc_column_inner css=&#8220;.vc_custom_1669295765971{padding-top: 40px !important;padding-right: 40px !important;padding-bottom: 40px !important;padding-left: 40px !important;}&#8220; woodmart_css_id=&#8220;637f6e897a3aa&#8220; parallax_scroll=&#8220;no&#8220; woodmart_sticky_column=&#8220;false&#8220; wd_collapsible_content_switcher=&#8220;no&#8220; wd_column_role_offcanvas_desktop=&#8220;no&#8220; wd_column_role_offcanvas_tablet=&#8220;no&#8220; wd_column_role_offcanvas_mobile=&#8220;no&#8220; wd_column_role_content_desktop=&#8220;no&#8220; wd_column_role_content_tablet=&#8220;no&#8220; wd_column_role_content_mobile=&#8220;no&#8220; mobile_bg_img_hidden=&#8220;no&#8220; tablet_bg_img_hidden=&#8220;no&#8220; woodmart_parallax=&#8220;0&#8243; woodmart_box_shadow=&#8220;no&#8220; responsive_spacing=&#8220;eyJwYXJhbV90eXBlIjoid29vZG1hcnRfcmVzcG9uc2l2ZV9zcGFjaW5nIiwic2VsZWN0b3JfaWQiOiI2MzdmNmU4OTdhM2FhIiwic2hvcnRjb2RlIjoidmNfY29sdW1uX2lubmVyIiwiZGF0YSI6eyJ0YWJsZXQiOnt9LCJtb2JpbGUiOnsicGFkZGluZy1yaWdodCI6IjMwcHgiLCJwYWRkaW5nLWxlZnQiOiIzMHB4In19fQ==&#8220; wd_z_index=&#8220;no&#8220;]\t\t<div id=\"wd-639d9ca306a67\" class=\"wd-text-block wd-wpb reset-last-child wd-rs-639d9ca306a67 text-left vc_custom_1671273705694\">\n\t\t\t<p>Die Freunde der Wiener Ballmusik setzen sich f\u00fcr die F\u00f6rderung des kulturellen Austauschs zwischen den St\u00e4dten Wien und Genf ein, insbesondere durch die Organisation von kulturellen und musikalischen Veranstaltungen und vor allem eines Balls nach Wiener Tradition. Ich freue mich umso mehr, dass diese Initiative zum ersten Mal in der Art L\u00e9manique am 6. Juni 2019 in den Salons des Ritz-Carlton, H\u00f4tel de la Paix, verwirklicht wurde, da ich selbst aus Wien stamme und Wahl-Genferin bin.<\/p>\n<p>Ein Wiener Ball in Genf erm\u00f6glicht es, diese beiden wichtigen Hauptst\u00e4dte der UNO durch das Genfer Kulturerbe und die Wiener Tradition in einem Geist der Offenheit und Freundschaft miteinander zu verbinden.<\/p>\n<p>Wir k\u00f6nnen diese Initiative daher mit gro\u00dfer Freude begr\u00fc\u00dfen.<\/p>\n<p>Frau Botschafterin Marie-Th\u00e9r\u00e8se Pictet-Althann<\/p>\n\t\t<\/div>\n\t\t\t\t<div id=\"wd-637f833475dbd\" class=\"wd-text-block wd-wpb reset-last-child wd-rs-637f833475dbd text-left vc_custom_1669301053716\">\n\t\t\t<p><strong>Pr\u00e4sidentin<\/strong><br \/>\nFreunde der Wiener Ballmusik<\/p>\n\t\t<\/div>\n\t\t[\/vc_column_inner][\/vc_row_inner][\/vc_column][\/vc_row]<\/p>\n<\/section>","protected":false},"excerpt":{"rendered":"<p>[vc_row full_width=&#8220;stretch_row&#8220; equal_height=&#8220;yes&#8220; woodmart_bg_position=&#8220;center-center&#8220; css=&#8220;.vc_custom_1669643760760{margin-top: -40px !important;background: #1c1c1c url(https:\/\/nouveau.balviennois.ch\/wp-content\/uploads\/2022\/11\/apropos03.jpg?id=29535) !important;background-position: center !important;background-repeat: no-repeat !important;background-size: cover !important;}&#8220; woodmart_css_id=&#8220;6384bdd291934&#8243; responsive_spacing=&#8220;eyJwYXJhbV90eXBlIjoid29vZG1hcnRfcmVzcG9uc2l2ZV9zcGFjaW5nIiwic2VsZWN0b3JfaWQiOiI2Mzg0YmRkMjkxOTM0Iiwic2hvcnRjb2RlIjoidmNfcm93IiwiZGF0YSI6eyJ0YWJsZXQiOnt9LCJtb2JpbGUiOnt9fX0=&#8220; mobile_bg_img_hidden=&#8220;no&#8220; tablet_bg_img_hidden=&#8220;no&#8220;<\/p>\n","protected":false},"author":2,"featured_media":0,"parent":0,"menu_order":0,"comment_status":"closed","ping_status":"closed","template":"","meta":{"footnotes":""},"class_list":["post-30535","page","type-page","status-publish","hentry"],"_links":{"self":[{"href":"https:\/\/balviennois.ch\/de\/wp-json\/wp\/v2\/pages\/30535","targetHints":{"allow":["GET"]}}],"collection":[{"href":"https:\/\/balviennois.ch\/de\/wp-json\/wp\/v2\/pages"}],"about":[{"href":"https:\/\/balviennois.ch\/de\/wp-json\/wp\/v2\/types\/page"}],"author":[{"embeddable":true,"href":"https:\/\/balviennois.ch\/de\/wp-json\/wp\/v2\/users\/2"}],"replies":[{"embeddable":true,"href":"https:\/\/balviennois.ch\/de\/wp-json\/wp\/v2\/comments?post=30535"}],"version-history":[{"count":0,"href":"https:\/\/balviennois.ch\/de\/wp-json\/wp\/v2\/pages\/30535\/revisions"}],"wp:attachment":[{"href":"https:\/\/balviennois.ch\/de\/wp-json\/wp\/v2\/media?parent=30535"}],"curies":[{"name":"wp","href":"https:\/\/api.w.org\/{rel}","templated":true}]}}