{"id":30607,"date":"2022-11-24T14:34:33","date_gmt":"2022-11-24T13:34:33","guid":{"rendered":"https:\/\/balviennois.ch\/?page_id=30607"},"modified":"2024-01-17T22:25:08","modified_gmt":"2024-01-17T21:25:08","slug":"unsere-geschichte","status":"publish","type":"page","link":"https:\/\/balviennois.ch\/de\/unsere-geschichte\/","title":{"rendered":"Unsere Geschichte"},"content":{"rendered":"<section class=\"wpb-content-wrapper\"><p>[vc_row full_width=&#8220;stretch_row&#8220; equal_height=&#8220;yes&#8220; woodmart_bg_position=&#8220;center-center&#8220; css=&#8220;.vc_custom_1669643695107{margin-top: -40px !important;background: #1c1c1c url(https:\/\/nouveau.balviennois.ch\/wp-content\/uploads\/2022\/11\/apropos02.jpg?id=29533) !important;background-position: center !important;background-repeat: no-repeat !important;background-size: cover !important;}&#8220; woodmart_css_id=&#8220;6384bd93af269&#8243; responsive_spacing=&#8220;eyJwYXJhbV90eXBlIjoid29vZG1hcnRfcmVzcG9uc2l2ZV9zcGFjaW5nIiwic2VsZWN0b3JfaWQiOiI2Mzg0YmQ5M2FmMjY5Iiwic2hvcnRjb2RlIjoidmNfcm93IiwiZGF0YSI6eyJ0YWJsZXQiOnt9LCJtb2JpbGUiOnt9fX0=&#8220; mobile_bg_img_hidden=&#8220;no&#8220; tablet_bg_img_hidden=&#8220;no&#8220; woodmart_parallax=&#8220;0&#8243; woodmart_gradient_switch=&#8220;yes&#8220; woodmart_box_shadow=&#8220;no&#8220; wd_z_index=&#8220;no&#8220; woodmart_disable_overflow=&#8220;0&#8243; row_reverse_mobile=&#8220;0&#8243; row_reverse_tablet=&#8220;0&#8243; woodmart_color_gradient=&#8220;rgba(0, 0, 0, 0.5)-0\/rgba(0, 0, 0, 0.5)-100\/|linear-gradient(left , rgba(0, 0, 0, 0.5) , rgba(0, 0, 0, 0.5) 100%)|linear|left&#8220;][vc_column css=&#8220;.vc_custom_1669293174058{padding-top: 120px !important;padding-right: 5% !important;padding-bottom: 120px !important;padding-left: 5% !important;}&#8220; woodmart_css_id=&#8220;637f646cdf861&#8243; parallax_scroll=&#8220;no&#8220; woodmart_sticky_column=&#8220;false&#8220; wd_collapsible_content_switcher=&#8220;no&#8220; wd_column_role_offcanvas_desktop=&#8220;no&#8220; wd_column_role_offcanvas_tablet=&#8220;no&#8220; wd_column_role_offcanvas_mobile=&#8220;no&#8220; wd_column_role_content_desktop=&#8220;no&#8220; wd_column_role_content_tablet=&#8220;no&#8220; wd_column_role_content_mobile=&#8220;no&#8220; mobile_bg_img_hidden=&#8220;no&#8220; tablet_bg_img_hidden=&#8220;no&#8220; woodmart_parallax=&#8220;0&#8243; woodmart_box_shadow=&#8220;no&#8220; responsive_spacing=&#8220;eyJwYXJhbV90eXBlIjoid29vZG1hcnRfcmVzcG9uc2l2ZV9zcGFjaW5nIiwic2VsZWN0b3JfaWQiOiI2MzdmNjQ2Y2RmODYxIiwic2hvcnRjb2RlIjoidmNfY29sdW1uIiwiZGF0YSI6eyJ0YWJsZXQiOnt9LCJtb2JpbGUiOnt9fX0=&#8220; mobile_reset_margin=&#8220;no&#8220; tablet_reset_margin=&#8220;no&#8220; wd_z_index=&#8220;no&#8220; el_class=&#8220;max-1200-center&#8220;]\n\t\t<div id=\"wd-638e1d7e23c11\" class=\"title-wrapper wd-wpb set-mb-s reset-last-child  wd-rs-638e1d7e23c11 wd-title-color-white wd-title-style-default text-left bloque-titulo vc_custom_1670258051017 wd-width-enabled wd-underline-colored\" style=\"--wd-max-width: 50%;\">\n\t\t\t\t\t\t\t<div class=\"title-subtitle  subtitle-color-white font-default subtitle-style-default wd-font-weight- wd-fontsize-xs\">UNSERE GESCHICHTE<\/div>\n\t\t\t\n\t\t\t<div class=\"liner-continer\">\n\t\t\t\t<h4 class=\"woodmart-title-container title  wd-font-weight- wd-fontsize-xxl\" >WARUM EIN WIENER BALL IN GENF?<\/h4>\n\t\t\t\t\t\t\t<\/div>\n\t\t\t\n\t\t\t\n\t\t\t\n\t\t<\/div>\n\t\t\n\t\t[\/vc_column][\/vc_row][vc_row equal_height=&#8220;yes&#8220; woodmart_css_id=&#8220;637f620b5276e&#8220; responsive_spacing=&#8220;eyJwYXJhbV90eXBlIjoid29vZG1hcnRfcmVzcG9uc2l2ZV9zcGFjaW5nIiwic2VsZWN0b3JfaWQiOiI2MzdmNjIwYjUyNzZlIiwic2hvcnRjb2RlIjoidmNfcm93IiwiZGF0YSI6eyJ0YWJsZXQiOnt9LCJtb2JpbGUiOnt9fX0=&#8220; mobile_bg_img_hidden=&#8220;no&#8220; tablet_bg_img_hidden=&#8220;no&#8220; woodmart_parallax=&#8220;0&#8243; woodmart_gradient_switch=&#8220;no&#8220; woodmart_box_shadow=&#8220;no&#8220; wd_z_index=&#8220;no&#8220; woodmart_disable_overflow=&#8220;1&#8243; row_reverse_mobile=&#8220;0&#8243; row_reverse_tablet=&#8220;0&#8243; css=&#8220;.vc_custom_1669292561845{padding-right: 5% !important;padding-left: 5% !important;}&#8220;][vc_column css=&#8220;.vc_custom_1669293463227{margin-top: -60px !important;padding-top: 0px !important;padding-right: 5% !important;padding-left: 5% !important;}&#8220; woodmart_css_id=&#8220;637f65763cbcc&#8220; parallax_scroll=&#8220;no&#8220; woodmart_sticky_column=&#8220;false&#8220; wd_collapsible_content_switcher=&#8220;no&#8220; wd_column_role_offcanvas_desktop=&#8220;no&#8220; wd_column_role_offcanvas_tablet=&#8220;no&#8220; wd_column_role_offcanvas_mobile=&#8220;no&#8220; wd_column_role_content_desktop=&#8220;no&#8220; wd_column_role_content_tablet=&#8220;no&#8220; wd_column_role_content_mobile=&#8220;no&#8220; mobile_bg_img_hidden=&#8220;no&#8220; tablet_bg_img_hidden=&#8220;no&#8220; woodmart_parallax=&#8220;0&#8243; woodmart_box_shadow=&#8220;no&#8220; responsive_spacing=&#8220;eyJwYXJhbV90eXBlIjoid29vZG1hcnRfcmVzcG9uc2l2ZV9zcGFjaW5nIiwic2VsZWN0b3JfaWQiOiI2MzdmNjU3NjNjYmNjIiwic2hvcnRjb2RlIjoidmNfY29sdW1uIiwiZGF0YSI6eyJ0YWJsZXQiOnt9LCJtb2JpbGUiOnt9fX0=&#8220; mobile_reset_margin=&#8220;no&#8220; tablet_reset_margin=&#8220;no&#8220; wd_z_index=&#8220;no&#8220; el_class=&#8220;max-1200-center&#8220;][vc_row_inner css=&#8220;.vc_custom_1669293662786{background-color: #ffffff !important;}&#8220; woodmart_css_id=&#8220;637f6655b4b8a&#8220; responsive_spacing=&#8220;eyJwYXJhbV90eXBlIjoid29vZG1hcnRfcmVzcG9uc2l2ZV9zcGFjaW5nIiwic2VsZWN0b3JfaWQiOiI2MzdmNjY1NWI0YjhhIiwic2hvcnRjb2RlIjoidmNfcm93X2lubmVyIiwiZGF0YSI6eyJ0YWJsZXQiOnt9LCJtb2JpbGUiOnt9fX0=&#8220; mobile_bg_img_hidden=&#8220;no&#8220; tablet_bg_img_hidden=&#8220;no&#8220; woodmart_parallax=&#8220;0&#8243; woodmart_gradient_switch=&#8220;no&#8220; woodmart_box_shadow=&#8220;no&#8220; wd_z_index=&#8220;no&#8220; woodmart_disable_overflow=&#8220;0&#8243; row_reverse_mobile=&#8220;0&#8243; row_reverse_tablet=&#8220;0&#8243;][vc_column_inner css=&#8220;.vc_custom_1669295765971{padding-top: 40px !important;padding-right: 40px !important;padding-bottom: 40px !important;padding-left: 40px !important;}&#8220; woodmart_css_id=&#8220;637f6e897a3aa&#8220; parallax_scroll=&#8220;no&#8220; woodmart_sticky_column=&#8220;false&#8220; wd_collapsible_content_switcher=&#8220;no&#8220; wd_column_role_offcanvas_desktop=&#8220;no&#8220; wd_column_role_offcanvas_tablet=&#8220;no&#8220; wd_column_role_offcanvas_mobile=&#8220;no&#8220; wd_column_role_content_desktop=&#8220;no&#8220; wd_column_role_content_tablet=&#8220;no&#8220; wd_column_role_content_mobile=&#8220;no&#8220; mobile_bg_img_hidden=&#8220;no&#8220; tablet_bg_img_hidden=&#8220;no&#8220; woodmart_parallax=&#8220;0&#8243; woodmart_box_shadow=&#8220;no&#8220; responsive_spacing=&#8220;eyJwYXJhbV90eXBlIjoid29vZG1hcnRfcmVzcG9uc2l2ZV9zcGFjaW5nIiwic2VsZWN0b3JfaWQiOiI2MzdmNmU4OTdhM2FhIiwic2hvcnRjb2RlIjoidmNfY29sdW1uX2lubmVyIiwiZGF0YSI6eyJ0YWJsZXQiOnt9LCJtb2JpbGUiOnsicGFkZGluZy1yaWdodCI6IjMwcHgiLCJwYWRkaW5nLWxlZnQiOiIzMHB4In19fQ==&#8220; wd_z_index=&#8220;no&#8220;]\t\t<div id=\"wd-65a844a9c6c70\" class=\"wd-text-block wd-wpb reset-last-child wd-rs-65a844a9c6c70 text-left vc_custom_1705526521108\">\n\t\t\t<p>Die Tradition der Wiener B\u00e4lle ist auf der ganzen Welt bekannt. In vielen St\u00e4dten wie New York, Br\u00fcssel oder Paris &#8211; und nun auch in Genf &#8211; ist diese j\u00e4hrliche Tradition von klein auf ein fester Bestandteil des gesellschaftlichen Lebens. Ich beobachte \u00fcbrigens, dass der Respekt f\u00fcr diese Tradition, die auf Austausch und Teilen durch Musik und Tanz beruht, stetig w\u00e4chst.<\/p>\n<p>Das Konzept des Wiener Balls ist nicht nur ein Mittel zum &#8222;Networking&#8220;. Es vermittelt auch eine Botschaft. Laut den letzten von der Wirtschaftskammer Wien durchgef\u00fchrten Umfragen geben rund 80% der Teilnehmer an, dass sie &#8222;diesen Abend gerne mit ihrem Partner verbringen&#8220;, wobei 35% von ihnen auch Gesch\u00e4ftspartner treffen m\u00f6chten.<\/p>\n<p>Ein traditioneller Wiener Ball ist ein Wirbelwind par excellence. Nach der Er\u00f6ffnungsshow mit dem Walzer der Deb\u00fctantinnen und Deb\u00fctanten wird die Tanzfl\u00e4che f\u00fcr alle G\u00e4ste ge\u00f6ffnet. Die G\u00e4ste wandern von Tisch zu Tisch, w\u00e4hrend sie sich ein Glas und ein paar Petit Fours teilen. Die einen nutzen die Gelegenheit, um \u00fcber Gesch\u00e4fte zu sprechen, die anderen finden die Liebe ihres Lebens. Die Kavaliere sind stolz auf ihre elegante Partnerin und die Damen genie\u00dfen es, f\u00fcr einen Abend die &#8222;K\u00f6nigin&#8220; zu sein. Ganz zu schweigen davon, dass ein Ball die Generationen und die gesamte Gesellschaft vereint.<\/p>\n<p>Der gro\u00dfe Erfolg der Wiener B\u00e4lle im Ausland erkl\u00e4rt sich durch ihre demokratischen Komponenten: Offenheit gegen\u00fcber der \u00d6ffentlichkeit, Vermischung der Generationen und Gesellschaftsschichten, Heranf\u00fchrung der Jugend an Musik, Tanz und Etikette sowie die M\u00f6glichkeit zum beruflichen und privaten Austausch.<\/p>\n<p>Im Namen des Organisationskomitees des Wiener Balls in Genf danke ich Ihnen im Voraus f\u00fcr Ihr Interesse und Ihre Unterst\u00fctzung f\u00fcr die vierte Ausgabe am 3. Mai 2024.<\/p>\n\t\t<\/div>\n\t\t\t\t<div id=\"wd-637f74253a6fe\" class=\"wd-text-block wd-wpb reset-last-child wd-rs-637f74253a6fe text-left vc_custom_1669297198804\">\n\t\t\t<p><strong>Frau Brigitte L\u00fcth<\/strong><br \/>\nDirektorin &amp; Verantwortliche Veranstaltung<\/p>\n\t\t<\/div>\n\t\t[\/vc_column_inner][\/vc_row_inner][\/vc_column][\/vc_row]<\/p>\n<\/section>","protected":false},"excerpt":{"rendered":"<p>[vc_row full_width=&#8220;stretch_row&#8220; equal_height=&#8220;yes&#8220; woodmart_bg_position=&#8220;center-center&#8220; css=&#8220;.vc_custom_1669643695107{margin-top: -40px !important;background: #1c1c1c url(https:\/\/nouveau.balviennois.ch\/wp-content\/uploads\/2022\/11\/apropos02.jpg?id=29533) !important;background-position: center !important;background-repeat: no-repeat !important;background-size: cover !important;}&#8220; woodmart_css_id=&#8220;6384bd93af269&#8243; responsive_spacing=&#8220;eyJwYXJhbV90eXBlIjoid29vZG1hcnRfcmVzcG9uc2l2ZV9zcGFjaW5nIiwic2VsZWN0b3JfaWQiOiI2Mzg0YmQ5M2FmMjY5Iiwic2hvcnRjb2RlIjoidmNfcm93IiwiZGF0YSI6eyJ0YWJsZXQiOnt9LCJtb2JpbGUiOnt9fX0=&#8220; mobile_bg_img_hidden=&#8220;no&#8220; tablet_bg_img_hidden=&#8220;no&#8220;<\/p>\n","protected":false},"author":2,"featured_media":0,"parent":0,"menu_order":0,"comment_status":"closed","ping_status":"closed","template":"","meta":{"footnotes":""},"class_list":["post-30607","page","type-page","status-publish","hentry"],"_links":{"self":[{"href":"https:\/\/balviennois.ch\/de\/wp-json\/wp\/v2\/pages\/30607","targetHints":{"allow":["GET"]}}],"collection":[{"href":"https:\/\/balviennois.ch\/de\/wp-json\/wp\/v2\/pages"}],"about":[{"href":"https:\/\/balviennois.ch\/de\/wp-json\/wp\/v2\/types\/page"}],"author":[{"embeddable":true,"href":"https:\/\/balviennois.ch\/de\/wp-json\/wp\/v2\/users\/2"}],"replies":[{"embeddable":true,"href":"https:\/\/balviennois.ch\/de\/wp-json\/wp\/v2\/comments?post=30607"}],"version-history":[{"count":3,"href":"https:\/\/balviennois.ch\/de\/wp-json\/wp\/v2\/pages\/30607\/revisions"}],"predecessor-version":[{"id":37108,"href":"https:\/\/balviennois.ch\/de\/wp-json\/wp\/v2\/pages\/30607\/revisions\/37108"}],"wp:attachment":[{"href":"https:\/\/balviennois.ch\/de\/wp-json\/wp\/v2\/media?parent=30607"}],"curies":[{"name":"wp","href":"https:\/\/api.w.org\/{rel}","templated":true}]}}