{"id":30624,"date":"2022-11-24T12:58:37","date_gmt":"2022-11-24T11:58:37","guid":{"rendered":"https:\/\/balviennois.ch\/?page_id=30624"},"modified":"2025-06-18T17:26:53","modified_gmt":"2025-06-18T15:26:53","slug":"unser-verein","status":"publish","type":"page","link":"https:\/\/balviennois.ch\/de\/unser-verein\/","title":{"rendered":"Unser Verein"},"content":{"rendered":"<section class=\"wpb-content-wrapper\"><p>[vc_row full_width=&#8220;stretch_row&#8220; equal_height=&#8220;yes&#8220; woodmart_bg_position=&#8220;center-center&#8220; css=&#8220;.vc_custom_1669643630217{margin-top: -40px !important;background: #1c1c1c url(https:\/\/nouveau.balviennois.ch\/wp-content\/uploads\/2022\/11\/apropos01.jpg?id=29531) !important;background-position: center !important;background-repeat: no-repeat !important;background-size: cover !important;}&#8220; woodmart_css_id=&#8220;6384bd49ab1cd&#8220; responsive_spacing=&#8220;eyJwYXJhbV90eXBlIjoid29vZG1hcnRfcmVzcG9uc2l2ZV9zcGFjaW5nIiwic2VsZWN0b3JfaWQiOiI2Mzg0YmQ0OWFiMWNkIiwic2hvcnRjb2RlIjoidmNfcm93IiwiZGF0YSI6eyJ0YWJsZXQiOnt9LCJtb2JpbGUiOnt9fX0=&#8220; mobile_bg_img_hidden=&#8220;no&#8220; tablet_bg_img_hidden=&#8220;no&#8220; woodmart_parallax=&#8220;0&#8243; woodmart_gradient_switch=&#8220;yes&#8220; woodmart_box_shadow=&#8220;no&#8220; wd_z_index=&#8220;no&#8220; woodmart_disable_overflow=&#8220;0&#8243; row_reverse_mobile=&#8220;0&#8243; row_reverse_tablet=&#8220;0&#8243; woodmart_color_gradient=&#8220;rgba(0, 0, 0, 0.5)-0\/rgba(0, 0, 0, 0.5)-100\/|linear-gradient(left , rgba(0, 0, 0, 0.5) , rgba(0, 0, 0, 0.5) 100%)|linear|left&#8220;][vc_column css=&#8220;.vc_custom_1669293174058{padding-top: 120px !important;padding-right: 5% !important;padding-bottom: 120px !important;padding-left: 5% !important;}&#8220; woodmart_css_id=&#8220;637f646cdf861&#8243; parallax_scroll=&#8220;no&#8220; woodmart_sticky_column=&#8220;false&#8220; wd_collapsible_content_switcher=&#8220;no&#8220; wd_column_role_offcanvas_desktop=&#8220;no&#8220; wd_column_role_offcanvas_tablet=&#8220;no&#8220; wd_column_role_offcanvas_mobile=&#8220;no&#8220; wd_column_role_content_desktop=&#8220;no&#8220; wd_column_role_content_tablet=&#8220;no&#8220; wd_column_role_content_mobile=&#8220;no&#8220; mobile_bg_img_hidden=&#8220;no&#8220; tablet_bg_img_hidden=&#8220;no&#8220; woodmart_parallax=&#8220;0&#8243; woodmart_box_shadow=&#8220;no&#8220; responsive_spacing=&#8220;eyJwYXJhbV90eXBlIjoid29vZG1hcnRfcmVzcG9uc2l2ZV9zcGFjaW5nIiwic2VsZWN0b3JfaWQiOiI2MzdmNjQ2Y2RmODYxIiwic2hvcnRjb2RlIjoidmNfY29sdW1uIiwiZGF0YSI6eyJ0YWJsZXQiOnt9LCJtb2JpbGUiOnt9fX0=&#8220; mobile_reset_margin=&#8220;no&#8220; tablet_reset_margin=&#8220;no&#8220; wd_z_index=&#8220;no&#8220; el_class=&#8220;max-1200-center&#8220;]\n\t\t<div id=\"wd-638e4592d46b4\" class=\"title-wrapper wd-wpb set-mb-s reset-last-child  wd-rs-638e4592d46b4 wd-title-color-white wd-title-style-default text-left bloque-titulo vc_custom_1670268324341 wd-width-enabled wd-underline-colored\" style=\"--wd-max-width: 50%;\">\n\t\t\t\t\t\t\t<div class=\"title-subtitle  subtitle-color-white font-default subtitle-style-default wd-font-weight- wd-fontsize-xs\">UNSERE VEREIN<\/div>\n\t\t\t\n\t\t\t<div class=\"liner-continer\">\n\t\t\t\t<h4 class=\"woodmart-title-container title  wd-font-weight- wd-fontsize-xxl\" >Freunde der Wiener Ballmusik<\/h4>\n\t\t\t\t\t\t\t<\/div>\n\t\t\t\n\t\t\t\n\t\t\t\n\t\t<\/div>\n\t\t\n\t\t[\/vc_column][\/vc_row][vc_row equal_height=&#8220;yes&#8220; woodmart_css_id=&#8220;637f620b5276e&#8220; responsive_spacing=&#8220;eyJwYXJhbV90eXBlIjoid29vZG1hcnRfcmVzcG9uc2l2ZV9zcGFjaW5nIiwic2VsZWN0b3JfaWQiOiI2MzdmNjIwYjUyNzZlIiwic2hvcnRjb2RlIjoidmNfcm93IiwiZGF0YSI6eyJ0YWJsZXQiOnt9LCJtb2JpbGUiOnt9fX0=&#8220; mobile_bg_img_hidden=&#8220;no&#8220; tablet_bg_img_hidden=&#8220;no&#8220; woodmart_parallax=&#8220;0&#8243; woodmart_gradient_switch=&#8220;no&#8220; woodmart_box_shadow=&#8220;no&#8220; wd_z_index=&#8220;no&#8220; woodmart_disable_overflow=&#8220;1&#8243; row_reverse_mobile=&#8220;0&#8243; row_reverse_tablet=&#8220;0&#8243; css=&#8220;.vc_custom_1669292561845{padding-right: 5% !important;padding-left: 5% !important;}&#8220;][vc_column css=&#8220;.vc_custom_1669293463227{margin-top: -60px !important;padding-top: 0px !important;padding-right: 5% !important;padding-left: 5% !important;}&#8220; woodmart_css_id=&#8220;637f65763cbcc&#8220; parallax_scroll=&#8220;no&#8220; woodmart_sticky_column=&#8220;false&#8220; wd_collapsible_content_switcher=&#8220;no&#8220; wd_column_role_offcanvas_desktop=&#8220;no&#8220; wd_column_role_offcanvas_tablet=&#8220;no&#8220; wd_column_role_offcanvas_mobile=&#8220;no&#8220; wd_column_role_content_desktop=&#8220;no&#8220; wd_column_role_content_tablet=&#8220;no&#8220; wd_column_role_content_mobile=&#8220;no&#8220; mobile_bg_img_hidden=&#8220;no&#8220; tablet_bg_img_hidden=&#8220;no&#8220; woodmart_parallax=&#8220;0&#8243; woodmart_box_shadow=&#8220;no&#8220; responsive_spacing=&#8220;eyJwYXJhbV90eXBlIjoid29vZG1hcnRfcmVzcG9uc2l2ZV9zcGFjaW5nIiwic2VsZWN0b3JfaWQiOiI2MzdmNjU3NjNjYmNjIiwic2hvcnRjb2RlIjoidmNfY29sdW1uIiwiZGF0YSI6eyJ0YWJsZXQiOnt9LCJtb2JpbGUiOnt9fX0=&#8220; mobile_reset_margin=&#8220;no&#8220; tablet_reset_margin=&#8220;no&#8220; wd_z_index=&#8220;no&#8220; el_class=&#8220;max-1200-center&#8220;][vc_row_inner css=&#8220;.vc_custom_1669293662786{background-color: #ffffff !important;}&#8220; woodmart_css_id=&#8220;637f6655b4b8a&#8220; responsive_spacing=&#8220;eyJwYXJhbV90eXBlIjoid29vZG1hcnRfcmVzcG9uc2l2ZV9zcGFjaW5nIiwic2VsZWN0b3JfaWQiOiI2MzdmNjY1NWI0YjhhIiwic2hvcnRjb2RlIjoidmNfcm93X2lubmVyIiwiZGF0YSI6eyJ0YWJsZXQiOnt9LCJtb2JpbGUiOnt9fX0=&#8220; mobile_bg_img_hidden=&#8220;no&#8220; tablet_bg_img_hidden=&#8220;no&#8220; woodmart_parallax=&#8220;0&#8243; woodmart_gradient_switch=&#8220;no&#8220; woodmart_box_shadow=&#8220;no&#8220; wd_z_index=&#8220;no&#8220; woodmart_disable_overflow=&#8220;0&#8243; row_reverse_mobile=&#8220;0&#8243; row_reverse_tablet=&#8220;0&#8243;][vc_column_inner css=&#8220;.vc_custom_1669295765971{padding-top: 40px !important;padding-right: 40px !important;padding-bottom: 40px !important;padding-left: 40px !important;}&#8220; woodmart_css_id=&#8220;637f6e897a3aa&#8220; parallax_scroll=&#8220;no&#8220; woodmart_sticky_column=&#8220;false&#8220; wd_collapsible_content_switcher=&#8220;no&#8220; wd_column_role_offcanvas_desktop=&#8220;no&#8220; wd_column_role_offcanvas_tablet=&#8220;no&#8220; wd_column_role_offcanvas_mobile=&#8220;no&#8220; wd_column_role_content_desktop=&#8220;no&#8220; wd_column_role_content_tablet=&#8220;no&#8220; wd_column_role_content_mobile=&#8220;no&#8220; mobile_bg_img_hidden=&#8220;no&#8220; tablet_bg_img_hidden=&#8220;no&#8220; woodmart_parallax=&#8220;0&#8243; woodmart_box_shadow=&#8220;no&#8220; responsive_spacing=&#8220;eyJwYXJhbV90eXBlIjoid29vZG1hcnRfcmVzcG9uc2l2ZV9zcGFjaW5nIiwic2VsZWN0b3JfaWQiOiI2MzdmNmU4OTdhM2FhIiwic2hvcnRjb2RlIjoidmNfY29sdW1uX2lubmVyIiwiZGF0YSI6eyJ0YWJsZXQiOnt9LCJtb2JpbGUiOnsicGFkZGluZy1yaWdodCI6IjMwcHgiLCJwYWRkaW5nLWxlZnQiOiIzMHB4In19fQ==&#8220; wd_z_index=&#8220;no&#8220;]\t\t<div id=\"wd-638e43d339103\" class=\"wd-text-block wd-wpb reset-last-child wd-rs-638e43d339103 text-left vc_custom_1670267872106\">\n\t\t\t<p>Der Verein &#8222;Freunde der Wiener Ballmusik&#8220; setzt sich daf\u00fcr ein, die kulturelle Br\u00fccke zwischen Genf und Wien, bekannt als die Hauptstadt der Musikwelt, zu verbessern.<\/p>\n<p>Keine andere Stadt der Welt hat so viele gro\u00dfe Komponisten wie Mozart, Beethoven, Schubert, Brahms, Mahler, Johann Strau\u00df &#8211; um nur die ber\u00fchmtesten unter ihnen zu nennen &#8211; angezogen.<\/p>\n\t\t<\/div>\n\t\t\n\t\t<div id=\"wd-637f71e5c3ebe\" class=\"title-wrapper wd-wpb set-mb-s reset-last-child  wd-rs-637f71e5c3ebe wd-title-color-primary wd-title-style-default text-left bloque-titulo vc_custom_1669296622255 wd-underline-colored\">\n\t\t\t\n\t\t\t<div class=\"liner-continer\">\n\t\t\t\t<h4 class=\"woodmart-title-container title  wd-font-weight- wd-fontsize-xxl\" >Ziele des Vereins<\/h4>\n\t\t\t\t\t\t\t<\/div>\n\t\t\t\n\t\t\t\n\t\t\t\n\t\t<\/div>\n\t\t\n\t\t\t\t<div id=\"wd-637f725e9db42\" class=\"wd-text-block wd-wpb reset-last-child wd-rs-637f725e9db42 text-left vc_custom_1669296740990\">\n\t\t\t<ul>\n<li>Den kulturellen Austausch zwischen den St\u00e4dten Genf und Wien f\u00f6rdern.<\/li>\n<li>Organisation von kulturellen und musikalischen Veranstaltungen, insbesondere eines Balls nach Wiener Tradition.<\/li>\n<\/ul>\n\t\t<\/div>\n\t\t\n\t\t<div id=\"wd-637f7203b3c9c\" class=\"title-wrapper wd-wpb set-mb-s reset-last-child  wd-rs-637f7203b3c9c wd-title-color-primary wd-title-style-default text-left bloque-titulo vc_custom_1669296650908 wd-underline-colored\">\n\t\t\t\n\t\t\t<div class=\"liner-continer\">\n\t\t\t\t<h4 class=\"woodmart-title-container title  wd-font-weight- wd-fontsize-xxl\" >Mitglieder des Ausschusses<\/h4>\n\t\t\t\t\t\t\t<\/div>\n\t\t\t\n\t\t\t\n\t\t\t\n\t\t<\/div>\n\t\t\n\t\t\t\t<div id=\"wd-65226879a2c48\" class=\"wd-text-block wd-wpb reset-last-child wd-rs-65226879a2c48 text-left vc_custom_1696753821459\">\n\t\t\t<ul>\n<li>Vorsitzende: Botschafterin Marie-Th\u00e9r\u00e8se PICTET-ALTHAN<\/li>\n<li>Direktorin: Frau Brigitte L\u00dcTH<\/li>\n<li>Schatzmeister: Herr J\u00fcrgen HEL\u00c8NE<\/li>\n<li>Sekret\u00e4rin: Frau Roswitha FRANZ<\/li>\n<\/ul>\n\t\t<\/div>\n\t\t\n\t\t<div id=\"wd-639b846013e1e\" class=\"title-wrapper wd-wpb set-mb-s reset-last-child  wd-rs-639b846013e1e wd-title-color-primary wd-title-style-default text-left bloque-titulo vc_custom_1671136361632 wd-underline-colored\">\n\t\t\t\n\t\t\t<div class=\"liner-continer\">\n\t\t\t\t<h4 class=\"woodmart-title-container title  wd-font-weight- wd-fontsize-xxl\" >Mitglieder des Beratungsausschusses (Advisory Board)<\/h4>\n\t\t\t\t\t\t\t<\/div>\n\t\t\t\n\t\t\t\n\t\t\t\n\t\t<\/div>\n\t\t\n\t\t\t\t<div id=\"wd-6852da22ce062\" class=\"wd-text-block wd-wpb reset-last-child wd-rs-6852da22ce062 text-left vc_custom_1750260276106\">\n\t\t\t<ul>\n<li>W. Friedemann EDER, Botschaftsrat, St\u00e4ndige Vertretung des Souver\u00e4nen Malteserordens beim B\u00fcro der Vereinten Nationen und anderen internationalen Organisationen in Genf<\/li>\n<li>Pia EFFRONT, Stellvertretende Gesch\u00e4ftsf\u00fchrerin bei \u00c9cole Moser SA<\/li>\n<li>Jacque PAHUD, Berater<\/li>\n<li>Illyra PFYFFER, Illyra Kommunikation<\/li>\n<li>Antoni Von PLANTA, Gesch\u00e4ftsf\u00fchrer im The Ritz-Carlton Hotel de la Paix, Genf<\/li>\n<li>Astrid ZINNIEL, Vienna Unique<\/li>\n<li>Robert ZOELLS, Generalkonsul von \u00d6sterreich und Partner bei DWZ Rechtsanw\u00e4lte<\/li>\n<\/ul>\n\t\t<\/div>\n\t\t\n\t\t<div id=\"wd-639b8475a5341\" class=\"title-wrapper wd-wpb set-mb-s reset-last-child  wd-rs-639b8475a5341 wd-title-color-primary wd-title-style-default text-left bloque-titulo vc_custom_1671136378595 wd-underline-colored\">\n\t\t\t\n\t\t\t<div class=\"liner-continer\">\n\t\t\t\t<h4 class=\"woodmart-title-container title  wd-font-weight- wd-fontsize-xxl\" >Ehrenmitglieder<\/h4>\n\t\t\t\t\t\t\t<\/div>\n\t\t\t\n\t\t\t\n\t\t\t\n\t\t<\/div>\n\t\t\n\t\t\t\t\t<div id=\"carousel-595\" class=\"wd-carousel-container info-box-carousel-wrapper  wd-carousel-spacing-30\" data-owl-carousel data-dragEndSpeed=\"600\" data-desktop=\"3\" data-tablet_landscape=\"3\" data-tablet=\"2\" data-mobile=\"1\">\n\t\t\t\t<div class=\"owl-carousel info-box-carousel  wd-rs-69e4a71e2fa9f  owl-items-lg-3 owl-items-md-3 owl-items-sm-2 owl-items-xs-1\" >\n\t\t\t\t\t\t\t\t<div class=\"info-box-wrapper\">\n\t\t\t\t<div id=\"wd-63a5c7690f2d7\" class=\" wd-rs-63a5c7690f2d7 wd-info-box wd-wpb text-left box-icon-align-top box-style-border color-scheme- wd-bg-none \"  >\n\t\t\t\t\t\t\t\t\t\t\t<div class=\"box-icon-wrapper  box-with-icon box-icon-simple\">\n\t\t\t\t\t\t\t<div class=\"info-box-icon\">\n\n\t\t\t\t\t\t\t\n\t\t\t\t\t\t\t\t\t\t\t\t\t\t\t\t\t<img loading=\"lazy\" decoding=\"async\" class=\"info-icon image-1 \" src=\"https:\/\/balviennois.ch\/wp-content\/uploads\/2022\/12\/Pic.jpg\" width=\"480\" height=\"580\" alt=\"\" title=\"\" \/>\t\t\t\t\t\t\t\t\t\t\t\t\t\t\t\n\t\t\t\t\t\t\t<\/div>\n\t\t\t\t\t\t<\/div>\n\t\t\t\t\t\t\t\t\t\t<div class=\"info-box-content\">\n\t\t\t\t\t\t<h4 class=\"info-box-title title wd-font-weight- box-title-style-default wd-fontsize-m\">FRAU BARONIN NADINE EDMOND DE ROTHSCHILD<\/h4>\t\t\t\t\t\t<div class=\"info-box-inner set-cont-mb-s reset-last-child\">\n\t\t\t\t\t\t\t\t\t\t\t\t\t<\/div>\n\n\t\t\t\t\t\t\t\t\t\t\t<\/div>\n\n\t\t\t\t\t\t\t\t\t<\/div>\n\t\t\t<\/div>\n\t\t\t\t\t<div class=\"info-box-wrapper\">\n\t\t\t\t<div id=\"wd-6475fe54d0d6d\" class=\" wd-rs-6475fe54d0d6d cursor-pointer wd-info-box wd-wpb text-left box-icon-align-top box-style-border color-scheme- wd-bg-none \"  onclick=\"window.location.href=&quot;https:\/\/www.johann-strauss.at\/&quot;\"  >\n\t\t\t\t\t\t\t\t\t\t\t<div class=\"box-icon-wrapper  box-with-icon box-icon-simple\">\n\t\t\t\t\t\t\t<div class=\"info-box-icon\">\n\n\t\t\t\t\t\t\t\n\t\t\t\t\t\t\t\t\t\t\t\t\t\t\t\t\t<img loading=\"lazy\" decoding=\"async\" class=\"info-icon image-1 \" src=\"https:\/\/balviennois.ch\/wp-content\/uploads\/2022\/12\/Professor-E.-Strauss-21.04.2018-480x580.jpg\" width=\"480\" height=\"580\" alt=\"Professor E. Strauss 21.04.2018\" title=\"Professor E. Strauss 21.04.2018\" \/>\t\t\t\t\t\t\t\t\t\t\t\t\t\t\t\n\t\t\t\t\t\t\t<\/div>\n\t\t\t\t\t\t<\/div>\n\t\t\t\t\t\t\t\t\t\t<div class=\"info-box-content\">\n\t\t\t\t\t\t<h4 class=\"info-box-title title wd-font-weight- box-title-style-default wd-fontsize-m\">PROFESSOR DR. EDUARD STRAUSS<\/h4>\t\t\t\t\t\t<div class=\"info-box-inner set-cont-mb-s reset-last-child\">\n\t\t\t\t\t\t\t\t\t\t\t\t\t<\/div>\n\n\t\t\t\t\t\t\t\t\t\t\t<\/div>\n\n\t\t\t\t\t\t\t\t\t<\/div>\n\t\t\t<\/div>\n\t\t\t\t\t<div class=\"info-box-wrapper\">\n\t\t\t\t<div id=\"wd-639f16d70b733\" class=\" wd-rs-639f16d70b733 wd-info-box wd-wpb text-left box-icon-align-top box-style-border color-scheme- wd-bg-none \"  >\n\t\t\t\t\t\t\t\t\t\t\t<div class=\"box-icon-wrapper  box-with-icon box-icon-simple\">\n\t\t\t\t\t\t\t<div class=\"info-box-icon\">\n\n\t\t\t\t\t\t\t\n\t\t\t\t\t\t\t\t\t\t\t\t\t\t\t\t\t<img loading=\"lazy\" decoding=\"async\" class=\"info-icon image-1 \" src=\"https:\/\/balviennois.ch\/wp-content\/uploads\/2022\/12\/Amb-Tichy-Fisslberger-scaled-480x580.jpg\" width=\"480\" height=\"580\" alt=\"Elisabeth Tichy-Fisslberger, Ambassador and Permanent Representative of Austria to the United Nations Office in Geneva attends the Panel Discussion \u00ab\u00a0Media for Democracy: Journalism and Elections in Times of Disinformation\u00a0\u00bb on the World Press Freedom Day 2019, Geneva. 3 May 2019. UN Photo by Violaine Martin\" title=\"World Press Freedom Day 2019\" \/>\t\t\t\t\t\t\t\t\t\t\t\t\t\t\t\n\t\t\t\t\t\t\t<\/div>\n\t\t\t\t\t\t<\/div>\n\t\t\t\t\t\t\t\t\t\t<div class=\"info-box-content\">\n\t\t\t\t\t\t<h4 class=\"info-box-title title wd-font-weight- box-title-style-default wd-fontsize-m\">Botschafterin Elisabeth TICHY-FISSLBERGER, Richterin am Gericht der Europ\u00e4ischen Union (EuGH)<\/h4>\t\t\t\t\t\t<div class=\"info-box-inner set-cont-mb-s reset-last-child\">\n\t\t\t\t\t\t\t\t\t\t\t\t\t<\/div>\n\n\t\t\t\t\t\t\t\t\t\t\t<\/div>\n\n\t\t\t\t\t\t\t\t\t<\/div>\n\t\t\t<\/div>\n\t\t\t\t\t\t<\/div>\n\t\t\t<\/div>\n\t\t\t\t<div id=\"wd-637f699b29405\" class=\"wd-text-block wd-wpb reset-last-child wd-rs-637f699b29405 text-left vc_custom_1669294517941\">\n\t\t\t<p><strong>Gr\u00fcndung:<\/strong> 22. Juni 2018<br \/><strong>Rechtsform:<\/strong> Gemeinn\u00fctziger Verein<br \/><strong>Handelsregisternummer:<\/strong> CHE-465.256.417<\/p>\n\t\t<\/div>\n\t\t[\/vc_column_inner][\/vc_row_inner][\/vc_column][\/vc_row]<\/p>\n<\/section>","protected":false},"excerpt":{"rendered":"<p>[vc_row full_width=&#8220;stretch_row&#8220; equal_height=&#8220;yes&#8220; woodmart_bg_position=&#8220;center-center&#8220; css=&#8220;.vc_custom_1669643630217{margin-top: -40px !important;background: #1c1c1c url(https:\/\/nouveau.balviennois.ch\/wp-content\/uploads\/2022\/11\/apropos01.jpg?id=29531) !important;background-position: center !important;background-repeat: no-repeat !important;background-size: cover !important;}&#8220; woodmart_css_id=&#8220;6384bd49ab1cd&#8220; responsive_spacing=&#8220;eyJwYXJhbV90eXBlIjoid29vZG1hcnRfcmVzcG9uc2l2ZV9zcGFjaW5nIiwic2VsZWN0b3JfaWQiOiI2Mzg0YmQ0OWFiMWNkIiwic2hvcnRjb2RlIjoidmNfcm93IiwiZGF0YSI6eyJ0YWJsZXQiOnt9LCJtb2JpbGUiOnt9fX0=&#8220; mobile_bg_img_hidden=&#8220;no&#8220; tablet_bg_img_hidden=&#8220;no&#8220;<\/p>\n","protected":false},"author":2,"featured_media":0,"parent":0,"menu_order":0,"comment_status":"closed","ping_status":"closed","template":"","meta":{"footnotes":""},"class_list":["post-30624","page","type-page","status-publish","hentry"],"_links":{"self":[{"href":"https:\/\/balviennois.ch\/de\/wp-json\/wp\/v2\/pages\/30624","targetHints":{"allow":["GET"]}}],"collection":[{"href":"https:\/\/balviennois.ch\/de\/wp-json\/wp\/v2\/pages"}],"about":[{"href":"https:\/\/balviennois.ch\/de\/wp-json\/wp\/v2\/types\/page"}],"author":[{"embeddable":true,"href":"https:\/\/balviennois.ch\/de\/wp-json\/wp\/v2\/users\/2"}],"replies":[{"embeddable":true,"href":"https:\/\/balviennois.ch\/de\/wp-json\/wp\/v2\/comments?post=30624"}],"version-history":[{"count":14,"href":"https:\/\/balviennois.ch\/de\/wp-json\/wp\/v2\/pages\/30624\/revisions"}],"predecessor-version":[{"id":38988,"href":"https:\/\/balviennois.ch\/de\/wp-json\/wp\/v2\/pages\/30624\/revisions\/38988"}],"wp:attachment":[{"href":"https:\/\/balviennois.ch\/de\/wp-json\/wp\/v2\/media?parent=30624"}],"curies":[{"name":"wp","href":"https:\/\/api.w.org\/{rel}","templated":true}]}}