{"id":38913,"date":"2024-12-16T10:41:39","date_gmt":"2024-12-16T09:41:39","guid":{"rendered":"https:\/\/balviennois.ch\/tanz\/"},"modified":"2025-09-23T07:22:19","modified_gmt":"2025-09-23T05:22:19","slug":"tanz","status":"publish","type":"page","link":"https:\/\/balviennois.ch\/de\/tanz\/","title":{"rendered":"Tanz"},"content":{"rendered":"<section class=\"wpb-content-wrapper\">[vc_column css=&#8220;.vc_custom_1669293174058{padding-top: 120px !important;padding-right: 5% !important;padding-bottom: 120px !important;padding-left: 5% !important;}&#8220; woodmart_css_id=&#8220;637f646cdf861&#8243; parallax_scroll=&#8220;no&#8220; woodmart_sticky_column=&#8220;false&#8220; wd_collapsible_content_switcher=&#8220;no&#8220; wd_column_role_offcanvas_desktop=&#8220;no&#8220; wd_column_role_offcanvas_tablet=&#8220;no&#8220; wd_column_role_offcanvas_mobile=&#8220;no&#8220; wd_column_role_content_desktop=&#8220;no&#8220; wd_column_role_content_tablet=&#8220;no&#8220; wd_column_role_content_mobile=&#8220;no&#8220; mobile_bg_img_hidden=&#8220;no&#8220; tablet_bg_img_hidden=&#8220;no&#8220; woodmart_parallax=&#8220;0&#8243; woodmart_box_shadow=&#8220;no&#8220; responsive_spacing=&#8220;eyJwYXJhbV90eXBlIjoid29vZG1hcnRfcmVzcG9uc2l2ZV9zcGFjaW5nIiwic2VsZWN0b3JfaWQiOiI2MzdmNjQ2Y2RmODYxIiwic2hvcnRjb2RlIjoidmNfY29sdW1uIiwiZGF0YSI6eyJ0YWJsZXQiOnt9LCJtb2JpbGUiOnt9fX0=&#8220; mobile_reset_margin=&#8220;no&#8220; tablet_reset_margin=&#8220;no&#8220; wd_z_index=&#8220;no&#8220; el_class=&#8220;max-1200-center&#8220;][\/vc_column][vc_row css=&#8220;.vc_custom_1734343028369{background-image: url(https:\/\/balviennois.ch\/wp-content\/uploads\/revslider\/video-media\/HOME_BAL_17.jpeg?id=38593) !important;}&#8220; woodmart_css_id=&#8220;675ff9632a59a&#8220; responsive_spacing=&#8220;eyJwYXJhbV90eXBlIjoid29vZG1hcnRfcmVzcG9uc2l2ZV9zcGFjaW5nIiwic2VsZWN0b3JfaWQiOiI2NzVmZjk2MzJhNTlhIiwic2hvcnRjb2RlIjoidmNfcm93IiwiZGF0YSI6eyJ0YWJsZXQiOnt9LCJtb2JpbGUiOnt9fX0=&#8220; mobile_bg_img_hidden=&#8220;no&#8220; tablet_bg_img_hidden=&#8220;no&#8220; woodmart_parallax=&#8220;0&#8243; woodmart_gradient_switch=&#8220;no&#8220; woodmart_box_shadow=&#8220;no&#8220; wd_z_index=&#8220;no&#8220; woodmart_disable_overflow=&#8220;0&#8243; row_reverse_mobile=&#8220;0&#8243; row_reverse_tablet=&#8220;0&#8243;][vc_column]\n\t\t<div id=\"wd-675ff9f66f599\" class=\"title-wrapper wd-wpb set-mb-s reset-last-child  wd-rs-675ff9f66f599 wd-title-color-primary wd-title-style-default text-left bloque-titulo vc_custom_1734343169065 wd-title-empty wd-underline-colored\">\n\t\t\t\n\t\t\t<div class=\"liner-continer\">\n\t\t\t\t<h4 class=\"woodmart-title-container title  wd-font-weight- wd-fontsize-xxl\" ><\/h4>\n\t\t\t\t\t\t\t<\/div>\n\t\t\t\n\t\t\t\n\t\t\t\n\t\t<\/div>\n\t\t\n\t\t[\/vc_column][\/vc_row][vc_row equal_height=&#8220;yes&#8220; woodmart_css_id=&#8220;675ff977f06f9&#8243; responsive_spacing=&#8220;eyJwYXJhbV90eXBlIjoid29vZG1hcnRfcmVzcG9uc2l2ZV9zcGFjaW5nIiwic2VsZWN0b3JfaWQiOiI2NzVmZjk3N2YwNmY5Iiwic2hvcnRjb2RlIjoidmNfcm93IiwiZGF0YSI6eyJ0YWJsZXQiOnt9LCJtb2JpbGUiOnt9fX0=&#8220; mobile_bg_img_hidden=&#8220;no&#8220; tablet_bg_img_hidden=&#8220;no&#8220; woodmart_parallax=&#8220;0&#8243; woodmart_gradient_switch=&#8220;no&#8220; woodmart_box_shadow=&#8220;no&#8220; wd_z_index=&#8220;no&#8220; woodmart_disable_overflow=&#8220;1&#8243; row_reverse_mobile=&#8220;0&#8243; row_reverse_tablet=&#8220;0&#8243; css=&#8220;.vc_custom_1734343036615{padding-right: 5% !important;padding-left: 5% !important;}&#8220;][vc_column css=&#8220;.vc_custom_1669293463227{margin-top: -60px !important;padding-top: 0px !important;padding-right: 5% !important;padding-left: 5% !important;}&#8220; woodmart_css_id=&#8220;637f65763cbcc&#8220; parallax_scroll=&#8220;no&#8220; woodmart_sticky_column=&#8220;false&#8220; wd_collapsible_content_switcher=&#8220;no&#8220; wd_column_role_offcanvas_desktop=&#8220;no&#8220; wd_column_role_offcanvas_tablet=&#8220;no&#8220; wd_column_role_offcanvas_mobile=&#8220;no&#8220; wd_column_role_content_desktop=&#8220;no&#8220; wd_column_role_content_tablet=&#8220;no&#8220; wd_column_role_content_mobile=&#8220;no&#8220; mobile_bg_img_hidden=&#8220;no&#8220; tablet_bg_img_hidden=&#8220;no&#8220; woodmart_parallax=&#8220;0&#8243; woodmart_box_shadow=&#8220;no&#8220; responsive_spacing=&#8220;eyJwYXJhbV90eXBlIjoid29vZG1hcnRfcmVzcG9uc2l2ZV9zcGFjaW5nIiwic2VsZWN0b3JfaWQiOiI2MzdmNjU3NjNjYmNjIiwic2hvcnRjb2RlIjoidmNfY29sdW1uIiwiZGF0YSI6eyJ0YWJsZXQiOnt9LCJtb2JpbGUiOnt9fX0=&#8220; mobile_reset_margin=&#8220;no&#8220; tablet_reset_margin=&#8220;no&#8220; wd_z_index=&#8220;no&#8220; el_class=&#8220;max-1200-center&#8220;][vc_row_inner css=&#8220;.vc_custom_1669293662786{background-color: #ffffff !important;}&#8220; woodmart_css_id=&#8220;637f6655b4b8a&#8220; responsive_spacing=&#8220;eyJwYXJhbV90eXBlIjoid29vZG1hcnRfcmVzcG9uc2l2ZV9zcGFjaW5nIiwic2VsZWN0b3JfaWQiOiI2MzdmNjY1NWI0YjhhIiwic2hvcnRjb2RlIjoidmNfcm93X2lubmVyIiwiZGF0YSI6eyJ0YWJsZXQiOnt9LCJtb2JpbGUiOnt9fX0=&#8220; mobile_bg_img_hidden=&#8220;no&#8220; tablet_bg_img_hidden=&#8220;no&#8220; woodmart_parallax=&#8220;0&#8243; woodmart_gradient_switch=&#8220;no&#8220; woodmart_box_shadow=&#8220;no&#8220; wd_z_index=&#8220;no&#8220; woodmart_disable_overflow=&#8220;0&#8243; row_reverse_mobile=&#8220;0&#8243; row_reverse_tablet=&#8220;0&#8243;][vc_column_inner width=&#8220;1\/2&#8243;][vc_single_image image=&#8220;38151&#8243; img_size=&#8220;full&#8220; parallax_scroll=&#8220;no&#8220; woodmart_inline=&#8220;no&#8220;][\/vc_column_inner][vc_column_inner width=&#8220;1\/2&#8243; css=&#8220;.vc_custom_1669295765971{padding-top: 40px !important;padding-right: 40px !important;padding-bottom: 40px !important;padding-left: 40px !important;}&#8220; woodmart_css_id=&#8220;637f6e897a3aa&#8220; parallax_scroll=&#8220;no&#8220; woodmart_sticky_column=&#8220;false&#8220; wd_collapsible_content_switcher=&#8220;no&#8220; wd_column_role_offcanvas_desktop=&#8220;no&#8220; wd_column_role_offcanvas_tablet=&#8220;no&#8220; wd_column_role_offcanvas_mobile=&#8220;no&#8220; wd_column_role_content_desktop=&#8220;no&#8220; wd_column_role_content_tablet=&#8220;no&#8220; wd_column_role_content_mobile=&#8220;no&#8220; mobile_bg_img_hidden=&#8220;no&#8220; tablet_bg_img_hidden=&#8220;no&#8220; woodmart_parallax=&#8220;0&#8243; woodmart_box_shadow=&#8220;no&#8220; responsive_spacing=&#8220;eyJwYXJhbV90eXBlIjoid29vZG1hcnRfcmVzcG9uc2l2ZV9zcGFjaW5nIiwic2VsZWN0b3JfaWQiOiI2MzdmNmU4OTdhM2FhIiwic2hvcnRjb2RlIjoidmNfY29sdW1uX2lubmVyIiwiZGF0YSI6eyJ0YWJsZXQiOnt9LCJtb2JpbGUiOnsicGFkZGluZy1yaWdodCI6IjMwcHgiLCJwYWRkaW5nLWxlZnQiOiIzMHB4In19fQ==&#8220; wd_z_index=&#8220;no&#8220;]\n\t\t<div id=\"wd-675fef7eca6a4\" class=\"title-wrapper wd-wpb set-mb-s reset-last-child  wd-rs-675fef7eca6a4 wd-title-color-primary wd-title-style-default text-left bloque-titulo vc_custom_1734340482721 wd-underline-colored\">\n\t\t\t\n\t\t\t<div class=\"liner-continer\">\n\t\t\t\t<h4 class=\"woodmart-title-container title  wd-font-weight- wd-fontsize-xxl\" >Er\u00f6ffnungszeremonie<\/h4>\n\t\t\t\t\t\t\t<\/div>\n\t\t\t\n\t\t\t\n\t\t\t\n\t\t<\/div>\n\t\t\n\t\t\t\t<div id=\"wd-684fb5f2d439a\" class=\"wd-text-block wd-wpb reset-last-child wd-rs-684fb5f2d439a text-left vc_custom_1750054403067\">\n\t\t\t<p class=\"p1\">Der Abend beginnt mit einer feierlichen Er\u00f6ffnung, bei der ausgew\u00e4hlte Deb\u00fctantinnen und Deb\u00fctanten eine choreografierte Darbietung vor dem Publikum pr\u00e4sentieren. Dieser festliche Moment markiert den offiziellen Auftakt des Balls und verk\u00f6rpert den Geist der Wiener Tradition.<\/p>\n<p>&nbsp;<\/p>\n<p class=\"p3\"><b>M\u00f6chten Sie an der Er\u00f6ffnung teilnehmen?<\/b><b><\/b><\/p>\n<p>&nbsp;<\/p>\n<p class=\"p1\">Melden Sie sich jetzt an und nehmen Sie an den Proben teil, bei denen Sie alle notwendigen Schritte lernen.<\/p>\n<p>&nbsp;<\/p>\n<p>&nbsp;<\/p>\n<ul>\n<li>\n<p class=\"p1\"><span class=\"s1\"><b>Anmeldeschluss<\/b><\/span>: 24. Januar 2025<\/p>\n<\/li>\n<li>\n<p class=\"p1\"><span class=\"s1\"><b>Kontakt<\/b><\/span>: <a href=\"mailto:debutants@balviennois.ch\">debutants@balviennois.ch<\/a><\/p>\n<\/li>\n<\/ul>\n\t\t<\/div>\n\t\t[\/vc_column_inner][\/vc_row_inner][vc_row_inner css=&#8220;.vc_custom_1669293662786{background-color: #ffffff !important;}&#8220; woodmart_css_id=&#8220;637f6655b4b8a&#8220; responsive_spacing=&#8220;eyJwYXJhbV90eXBlIjoid29vZG1hcnRfcmVzcG9uc2l2ZV9zcGFjaW5nIiwic2VsZWN0b3JfaWQiOiI2MzdmNjY1NWI0YjhhIiwic2hvcnRjb2RlIjoidmNfcm93X2lubmVyIiwiZGF0YSI6eyJ0YWJsZXQiOnt9LCJtb2JpbGUiOnt9fX0=&#8220; mobile_bg_img_hidden=&#8220;no&#8220; tablet_bg_img_hidden=&#8220;no&#8220; woodmart_parallax=&#8220;0&#8243; woodmart_gradient_switch=&#8220;no&#8220; woodmart_box_shadow=&#8220;no&#8220; wd_z_index=&#8220;no&#8220; woodmart_disable_overflow=&#8220;0&#8243; row_reverse_mobile=&#8220;0&#8243; row_reverse_tablet=&#8220;0&#8243;][vc_column_inner width=&#8220;1\/2&#8243; css=&#8220;.vc_custom_1669295765971{padding-top: 40px !important;padding-right: 40px !important;padding-bottom: 40px !important;padding-left: 40px !important;}&#8220; woodmart_css_id=&#8220;637f6e897a3aa&#8220; parallax_scroll=&#8220;no&#8220; woodmart_sticky_column=&#8220;false&#8220; wd_collapsible_content_switcher=&#8220;no&#8220; wd_column_role_offcanvas_desktop=&#8220;no&#8220; wd_column_role_offcanvas_tablet=&#8220;no&#8220; wd_column_role_offcanvas_mobile=&#8220;no&#8220; wd_column_role_content_desktop=&#8220;no&#8220; wd_column_role_content_tablet=&#8220;no&#8220; wd_column_role_content_mobile=&#8220;no&#8220; mobile_bg_img_hidden=&#8220;no&#8220; tablet_bg_img_hidden=&#8220;no&#8220; woodmart_parallax=&#8220;0&#8243; woodmart_box_shadow=&#8220;no&#8220; responsive_spacing=&#8220;eyJwYXJhbV90eXBlIjoid29vZG1hcnRfcmVzcG9uc2l2ZV9zcGFjaW5nIiwic2VsZWN0b3JfaWQiOiI2MzdmNmU4OTdhM2FhIiwic2hvcnRjb2RlIjoidmNfY29sdW1uX2lubmVyIiwiZGF0YSI6eyJ0YWJsZXQiOnt9LCJtb2JpbGUiOnsicGFkZGluZy1yaWdodCI6IjMwcHgiLCJwYWRkaW5nLWxlZnQiOiIzMHB4In19fQ==&#8220; wd_z_index=&#8220;no&#8220;]\n\t\t<div id=\"wd-675fefadda0b9\" class=\"title-wrapper wd-wpb set-mb-s reset-last-child  wd-rs-675fefadda0b9 wd-title-color-primary wd-title-style-default text-left bloque-titulo vc_custom_1734340530776 wd-underline-colored\">\n\t\t\t\n\t\t\t<div class=\"liner-continer\">\n\t\t\t\t<h4 class=\"woodmart-title-container title  wd-font-weight- wd-fontsize-xxl\" >T\u00e4nze des Abends<\/h4>\n\t\t\t\t\t\t\t<\/div>\n\t\t\t\n\t\t\t\n\t\t\t\n\t\t<\/div>\n\t\t\n\t\t\t\t<div id=\"wd-684fb61408f77\" class=\"wd-text-block wd-wpb reset-last-child wd-rs-684fb61408f77 text-left vc_custom_1750054427273\">\n\t\t\t<p class=\"p1\">W\u00e4hrend des gesamten Abends erklingt auf der Tanzfl\u00e4che ein vielf\u00e4ltiges Repertoire an Gesellschaftst\u00e4nzen:<\/p>\n<p>&nbsp;<\/p>\n<p>&nbsp;<\/p>\n<ul>\n<li>\n<p class=\"p1\">Elegante Wiener Walzer<\/p>\n<\/li>\n<li>\n<p class=\"p1\">Leidenschaftliche Tangos<\/p>\n<\/li>\n<li>\n<p class=\"p1\">Schwungvolle Polkas<\/p>\n<\/li>\n<li>\n<p class=\"p1\">Der traditionelle Mitternachts-Quadrille<\/p>\n<\/li>\n<\/ul>\n<p>&nbsp;<\/p>\n<p class=\"p1\">Ob Anf\u00e4nger oder erfahrener T\u00e4nzer \u2013 das Tanzprogramm begeistert alle Ballg\u00e4ste. Erfahrene T\u00e4nzer stehen bereit, um Neulinge zu begleiten.<\/p>\n\t\t<\/div>\n\t\t[\/vc_column_inner][vc_column_inner width=&#8220;1\/2&#8243;][vc_single_image image=&#8220;38418&#8243; img_size=&#8220;full&#8220; parallax_scroll=&#8220;no&#8220; woodmart_inline=&#8220;no&#8220;][\/vc_column_inner][\/vc_row_inner][vc_row_inner css=&#8220;.vc_custom_1669293662786{background-color: #ffffff !important;}&#8220; woodmart_css_id=&#8220;637f6655b4b8a&#8220; responsive_spacing=&#8220;eyJwYXJhbV90eXBlIjoid29vZG1hcnRfcmVzcG9uc2l2ZV9zcGFjaW5nIiwic2VsZWN0b3JfaWQiOiI2MzdmNjY1NWI0YjhhIiwic2hvcnRjb2RlIjoidmNfcm93X2lubmVyIiwiZGF0YSI6eyJ0YWJsZXQiOnt9LCJtb2JpbGUiOnt9fX0=&#8220; mobile_bg_img_hidden=&#8220;no&#8220; tablet_bg_img_hidden=&#8220;no&#8220; woodmart_parallax=&#8220;0&#8243; woodmart_gradient_switch=&#8220;no&#8220; woodmart_box_shadow=&#8220;no&#8220; wd_z_index=&#8220;no&#8220; woodmart_disable_overflow=&#8220;0&#8243; row_reverse_mobile=&#8220;0&#8243; row_reverse_tablet=&#8220;0&#8243;][vc_column_inner width=&#8220;1\/2&#8243; css=&#8220;.vc_custom_1669295765971{padding-top: 40px !important;padding-right: 40px !important;padding-bottom: 40px !important;padding-left: 40px !important;}&#8220; woodmart_css_id=&#8220;637f6e897a3aa&#8220; parallax_scroll=&#8220;no&#8220; woodmart_sticky_column=&#8220;false&#8220; wd_collapsible_content_switcher=&#8220;no&#8220; wd_column_role_offcanvas_desktop=&#8220;no&#8220; wd_column_role_offcanvas_tablet=&#8220;no&#8220; wd_column_role_offcanvas_mobile=&#8220;no&#8220; wd_column_role_content_desktop=&#8220;no&#8220; wd_column_role_content_tablet=&#8220;no&#8220; wd_column_role_content_mobile=&#8220;no&#8220; mobile_bg_img_hidden=&#8220;no&#8220; tablet_bg_img_hidden=&#8220;no&#8220; woodmart_parallax=&#8220;0&#8243; woodmart_box_shadow=&#8220;no&#8220; responsive_spacing=&#8220;eyJwYXJhbV90eXBlIjoid29vZG1hcnRfcmVzcG9uc2l2ZV9zcGFjaW5nIiwic2VsZWN0b3JfaWQiOiI2MzdmNmU4OTdhM2FhIiwic2hvcnRjb2RlIjoidmNfY29sdW1uX2lubmVyIiwiZGF0YSI6eyJ0YWJsZXQiOnt9LCJtb2JpbGUiOnsicGFkZGluZy1yaWdodCI6IjMwcHgiLCJwYWRkaW5nLWxlZnQiOiIzMHB4In19fQ==&#8220; wd_z_index=&#8220;no&#8220;][vc_single_image image=&#8220;38898&#8243; img_size=&#8220;full&#8220; parallax_scroll=&#8220;no&#8220; woodmart_inline=&#8220;no&#8220;][\/vc_column_inner][vc_column_inner width=&#8220;1\/2&#8243;]\n\t\t<div id=\"wd-675ff0a059ba0\" class=\"title-wrapper wd-wpb set-mb-s reset-last-child  wd-rs-675ff0a059ba0 wd-title-color-primary wd-title-style-default text-left bloque-titulo vc_custom_1734340771746 wd-underline-colored\">\n\t\t\t\n\t\t\t<div class=\"liner-continer\">\n\t\t\t\t<h4 class=\"woodmart-title-container title  wd-font-weight- wd-fontsize-xxl\" >K\u00f6nigliche musikalische Begleitung<\/h4>\n\t\t\t\t\t\t\t<\/div>\n\t\t\t\n\t\t\t\n\t\t\t\n\t\t<\/div>\n\t\t\n\t\t\t\t<div id=\"wd-684fb6b3796b5\" class=\"wd-text-block wd-wpb reset-last-child wd-rs-684fb6b3796b5 text-left vc_custom_1750054584830\">\n\t\t\t<p class=\"p1\">Ein renommiertes Wiener Orchester begleitet den Abend mit klassischer Musik und traditionellen Tanzst\u00fccken. Die Livemusik schafft eine zauberhafte Atmosph\u00e4re f\u00fcr ein unvergessliches Erlebnis.<\/p>\n\t\t<\/div>\n\t\t[\/vc_column_inner][\/vc_row_inner][vc_row_inner css=&#8220;.vc_custom_1669293662786{background-color: #ffffff !important;}&#8220; woodmart_css_id=&#8220;637f6655b4b8a&#8220; responsive_spacing=&#8220;eyJwYXJhbV90eXBlIjoid29vZG1hcnRfcmVzcG9uc2l2ZV9zcGFjaW5nIiwic2VsZWN0b3JfaWQiOiI2MzdmNjY1NWI0YjhhIiwic2hvcnRjb2RlIjoidmNfcm93X2lubmVyIiwiZGF0YSI6eyJ0YWJsZXQiOnt9LCJtb2JpbGUiOnt9fX0=&#8220; mobile_bg_img_hidden=&#8220;no&#8220; tablet_bg_img_hidden=&#8220;no&#8220; woodmart_parallax=&#8220;0&#8243; woodmart_gradient_switch=&#8220;no&#8220; woodmart_box_shadow=&#8220;no&#8220; wd_z_index=&#8220;no&#8220; woodmart_disable_overflow=&#8220;0&#8243; row_reverse_mobile=&#8220;0&#8243; row_reverse_tablet=&#8220;0&#8243;][vc_column_inner width=&#8220;1\/2&#8243;]\n\t\t<div id=\"wd-684fb6990824e\" class=\"title-wrapper wd-wpb set-mb-s reset-last-child  wd-rs-684fb6990824e wd-title-color-primary wd-title-style-default text-left bloque-titulo vc_custom_1750054556092 wd-underline-colored\">\n\t\t\t\n\t\t\t<div class=\"liner-continer\">\n\t\t\t\t<h4 class=\"woodmart-title-container title  wd-font-weight- wd-fontsize-xxl\" >Dresscode: Kaiserliche Eleganz<\/h4>\n\t\t\t\t\t\t\t<\/div>\n\t\t\t\n\t\t\t\n\t\t\t\n\t\t<\/div>\n\t\t\n\t\t\t\t<div id=\"wd-684fb69f9a435\" class=\"wd-text-block wd-wpb reset-last-child wd-rs-684fb69f9a435 text-left vc_custom_1750054567381\">\n\t\t\t<p class=\"p1\">Um dem stilvollen Rahmen des Abends gerecht zu werden, ist formelle Kleidung erforderlich:<\/p>\n<p>&nbsp;<\/p>\n<p>&nbsp;<\/p>\n<ul>\n<li>\n<p class=\"p1\"><span class=\"s1\"><b>Damen<\/b><\/span>: Langes Abendkleid<\/p>\n<\/li>\n<li>\n<p class=\"p1\"><span class=\"s1\"><b>Herren<\/b><\/span>: Schwarzer Smoking, Galauniform oder formelle Abendkleidung<\/p>\n<\/li>\n<\/ul>\n\t\t<\/div>\n\t\t[\/vc_column_inner][vc_column_inner width=&#8220;1\/2&#8243; css=&#8220;.vc_custom_1669295765971{padding-top: 40px !important;padding-right: 40px !important;padding-bottom: 40px !important;padding-left: 40px !important;}&#8220; woodmart_css_id=&#8220;637f6e897a3aa&#8220; parallax_scroll=&#8220;no&#8220; woodmart_sticky_column=&#8220;false&#8220; wd_collapsible_content_switcher=&#8220;no&#8220; wd_column_role_offcanvas_desktop=&#8220;no&#8220; wd_column_role_offcanvas_tablet=&#8220;no&#8220; wd_column_role_offcanvas_mobile=&#8220;no&#8220; wd_column_role_content_desktop=&#8220;no&#8220; wd_column_role_content_tablet=&#8220;no&#8220; wd_column_role_content_mobile=&#8220;no&#8220; mobile_bg_img_hidden=&#8220;no&#8220; tablet_bg_img_hidden=&#8220;no&#8220; woodmart_parallax=&#8220;0&#8243; woodmart_box_shadow=&#8220;no&#8220; responsive_spacing=&#8220;eyJwYXJhbV90eXBlIjoid29vZG1hcnRfcmVzcG9uc2l2ZV9zcGFjaW5nIiwic2VsZWN0b3JfaWQiOiI2MzdmNmU4OTdhM2FhIiwic2hvcnRjb2RlIjoidmNfY29sdW1uX2lubmVyIiwiZGF0YSI6eyJ0YWJsZXQiOnt9LCJtb2JpbGUiOnsicGFkZGluZy1yaWdodCI6IjMwcHgiLCJwYWRkaW5nLWxlZnQiOiIzMHB4In19fQ==&#8220; wd_z_index=&#8220;no&#8220;][vc_single_image image=&#8220;38241&#8243; img_size=&#8220;full&#8220; parallax_scroll=&#8220;no&#8220; woodmart_inline=&#8220;no&#8220;][\/vc_column_inner][\/vc_row_inner][vc_row_inner css=&#8220;.vc_custom_1669293662786{background-color: #ffffff !important;}&#8220; woodmart_css_id=&#8220;637f6655b4b8a&#8220; responsive_spacing=&#8220;eyJwYXJhbV90eXBlIjoid29vZG1hcnRfcmVzcG9uc2l2ZV9zcGFjaW5nIiwic2VsZWN0b3JfaWQiOiI2MzdmNjY1NWI0YjhhIiwic2hvcnRjb2RlIjoidmNfcm93X2lubmVyIiwiZGF0YSI6eyJ0YWJsZXQiOnt9LCJtb2JpbGUiOnt9fX0=&#8220; mobile_bg_img_hidden=&#8220;no&#8220; tablet_bg_img_hidden=&#8220;no&#8220; woodmart_parallax=&#8220;0&#8243; woodmart_gradient_switch=&#8220;no&#8220; woodmart_box_shadow=&#8220;no&#8220; wd_z_index=&#8220;no&#8220; woodmart_disable_overflow=&#8220;0&#8243; row_reverse_mobile=&#8220;0&#8243; row_reverse_tablet=&#8220;0&#8243;][vc_column_inner css=&#8220;.vc_custom_1669295765971{padding-top: 40px !important;padding-right: 40px !important;padding-bottom: 40px !important;padding-left: 40px !important;}&#8220; woodmart_css_id=&#8220;637f6e897a3aa&#8220; parallax_scroll=&#8220;no&#8220; woodmart_sticky_column=&#8220;false&#8220; wd_collapsible_content_switcher=&#8220;no&#8220; wd_column_role_offcanvas_desktop=&#8220;no&#8220; wd_column_role_offcanvas_tablet=&#8220;no&#8220; wd_column_role_offcanvas_mobile=&#8220;no&#8220; wd_column_role_content_desktop=&#8220;no&#8220; wd_column_role_content_tablet=&#8220;no&#8220; wd_column_role_content_mobile=&#8220;no&#8220; mobile_bg_img_hidden=&#8220;no&#8220; tablet_bg_img_hidden=&#8220;no&#8220; woodmart_parallax=&#8220;0&#8243; woodmart_box_shadow=&#8220;no&#8220; responsive_spacing=&#8220;eyJwYXJhbV90eXBlIjoid29vZG1hcnRfcmVzcG9uc2l2ZV9zcGFjaW5nIiwic2VsZWN0b3JfaWQiOiI2MzdmNmU4OTdhM2FhIiwic2hvcnRjb2RlIjoidmNfY29sdW1uX2lubmVyIiwiZGF0YSI6eyJ0YWJsZXQiOnt9LCJtb2JpbGUiOnsicGFkZGluZy1yaWdodCI6IjMwcHgiLCJwYWRkaW5nLWxlZnQiOiIzMHB4In19fQ==&#8220; wd_z_index=&#8220;no&#8220;]\n\t\t<div id=\"wd-684fb68c8ba84\" class=\"title-wrapper wd-wpb set-mb-s reset-last-child  wd-rs-684fb68c8ba84 wd-title-color-primary wd-title-style-default text-left bloque-titulo vc_custom_1750054545824 wd-underline-colored\">\n\t\t\t\n\t\t\t<div class=\"liner-continer\">\n\t\t\t\t<h4 class=\"woodmart-title-container title  wd-font-weight- wd-fontsize-xxl\" >Anmeldung &amp; weitere Informationen<\/h4>\n\t\t\t\t\t\t\t<\/div>\n\t\t\t\n\t\t\t\n\t\t\t\n\t\t<\/div>\n\t\t\n\t\t\t\t<div id=\"wd-68d22e8274a50\" class=\"wd-text-block wd-wpb reset-last-child wd-rs-68d22e8274a50 text-left vc_custom_1758604935873\">\n\t\t\t<ul>\n<li>\n<p class=\"p1\"><span class=\"s1\"><b>Er\u00f6ffnungszeremonie<\/b><\/span>: <a href=\"mailto:debutants@balviennois.ch\">debutants@balviennois.ch<\/a><\/p>\n<\/li>\n<li>\n<p class=\"p1\"><span class=\"s1\"><b>Allgemeine Anfragen<\/b><\/span>: <a href=\"mailto:info@balviennois.ch\">info@balviennois.ch<\/a><\/p>\n<\/li>\n<\/ul>\n\t\t<\/div>\n\t\t[\/vc_column_inner][\/vc_row_inner][\/vc_column][\/vc_row][vc_row][vc_column][vc_column_text]\r\n[\/vc_column_text][\/vc_column][\/vc_row]<!-- \/wp:post-content --><\/section>","protected":false},"excerpt":{"rendered":"<p>[vc_column css=&#8220;.vc_custom_1669293174058{padding-top: 120px !important;padding-right: 5% !important;padding-bottom: 120px !important;padding-left: 5% !important;}&#8220; woodmart_css_id=&#8220;637f646cdf861&#8243; parallax_scroll=&#8220;no&#8220; woodmart_sticky_column=&#8220;false&#8220; wd_collapsible_content_switcher=&#8220;no&#8220; wd_column_role_offcanvas_desktop=&#8220;no&#8220; wd_column_role_offcanvas_tablet=&#8220;no&#8220; wd_column_role_offcanvas_mobile=&#8220;no&#8220; wd_column_role_content_desktop=&#8220;no&#8220; wd_column_role_content_tablet=&#8220;no&#8220; wd_column_role_content_mobile=&#8220;no&#8220;<\/p>\n","protected":false},"author":1,"featured_media":0,"parent":0,"menu_order":0,"comment_status":"closed","ping_status":"closed","template":"","meta":{"footnotes":""},"class_list":["post-38913","page","type-page","status-publish","hentry"],"_links":{"self":[{"href":"https:\/\/balviennois.ch\/de\/wp-json\/wp\/v2\/pages\/38913","targetHints":{"allow":["GET"]}}],"collection":[{"href":"https:\/\/balviennois.ch\/de\/wp-json\/wp\/v2\/pages"}],"about":[{"href":"https:\/\/balviennois.ch\/de\/wp-json\/wp\/v2\/types\/page"}],"author":[{"embeddable":true,"href":"https:\/\/balviennois.ch\/de\/wp-json\/wp\/v2\/users\/1"}],"replies":[{"embeddable":true,"href":"https:\/\/balviennois.ch\/de\/wp-json\/wp\/v2\/comments?post=38913"}],"version-history":[{"count":4,"href":"https:\/\/balviennois.ch\/de\/wp-json\/wp\/v2\/pages\/38913\/revisions"}],"predecessor-version":[{"id":39140,"href":"https:\/\/balviennois.ch\/de\/wp-json\/wp\/v2\/pages\/38913\/revisions\/39140"}],"wp:attachment":[{"href":"https:\/\/balviennois.ch\/de\/wp-json\/wp\/v2\/media?parent=38913"}],"curies":[{"name":"wp","href":"https:\/\/api.w.org\/{rel}","templated":true}]}}